{"id":9297,"date":"2020-09-30T11:09:49","date_gmt":"2020-09-30T10:09:49","guid":{"rendered":"https:\/\/erpio.one\/m-files\/cms-m-files\/"},"modified":"2021-04-08T07:13:25","modified_gmt":"2021-04-08T06:13:25","slug":"cms-m-files","status":"publish","type":"page","link":"https:\/\/erpio.one\/sk\/m-files\/cms-m-files\/","title":{"rendered":"M-Files Spr\u00e1va zml\u00fav"},"content":{"rendered":"<div  data-label=\"About\" data-id=\"about--1\" data-export-id=\"about-4\" data-category=\"about\" class=\"about-4 content-section content-section-spacing\" id=\"about-1\" style=\"background-color: rgb(255, 255, 255);\"><div  class=\"gridContainer\"> <div  class=\"row middle-sm text-center\"><div  class=\"col-sm-5 space-bottom-xs\" data-type=\"column\">    <p  class=\"lead\">Modern\u00e9 rie\u0161enia pre spr\u00e1vu zml\u00fav zvy\u0161uj\u00fa produktivitu a zni\u017euj\u00fa rizik\u00e1 t\u00fdm, \u017ee organiz\u00e1ci\u00e1m umo\u017e\u0148uj\u00fa \u013eahko a bezpe\u010dne automatizova\u0165 procesy a elektronicky podpisova\u0165 dokumenty na akomko\u013evek zariaden\u00ed<\/p><h4  class=\"\"><\/h4><a class=\"button color7 square\" href=\"#features-1\" target=\"_self\" data-cp-link=\"1\" data-icon=\"\" rel=\"noopener noreferrer\">K\u013d\u00da\u010cOV\u00c9 VLASTNOSTI M-FILES CMS<\/a><\/div> <div  class=\"col-sm-7 flexbox center-xs middle-xs image-group-2-img\"> <img decoding=\"async\"  class=\"img-1 shadow-large\" data-size=\"250x200\" src=\"https:\/\/erpio.one\/wp-content\/uploads\/2019\/09\/cropped-people-3152585_1920-3.jpg\" alt=\"\" title=\"cropped-people-3152585_1920-3.jpg\"> <img decoding=\"async\"  class=\"img-2 shadow-large\" data-size=\"220x170\" src=\"https:\/\/erpio.one\/wp-content\/uploads\/2020\/08\/cropped-M-Files_800x500-white-2.jpg\" alt=\"\" title=\"cropped-M-Files_800x500-white-2.jpg\"><\/div> <\/div><\/div> <\/div><div  data-label=\"Content\" data-id=\"content--1\" data-export-id=\"content-12\" data-category=\"content\" class=\"content-12 content-section content-section-spacing\" id=\"content-1\" style=\"background-color: rgb(245, 250, 253);\"><div  class=\"gridContainer\"> <div  class=\"row text-center\"><div  class=\"section-title-col\" data-type=\"column\"> <h2  class=\"\">V\u0161etko preh\u013eadne a na jednom mieste<\/h2> <\/div> <\/div> <div  class=\"row center-xs middle-xs\"> <div  class=\"col-sm-9\" data-type=\"column\"> <p  class=\"lead\">M-Files Digital WorkPlace umo\u017e\u0148uje integrova\u0165 n\u00e1vrhy zml\u00fav aj ich elektronicky podp\u00edsan\u00e9 origin\u00e1ly so z\u00e1znamami a agendami firemn\u00e9ho syst\u00e9mu<\/p><img decoding=\"async\"  class=\"shadow-large\" src=\"https:\/\/erpio.one\/wp-content\/uploads\/2020\/09\/cropped-mfiles1-pict-1.jpg\" alt=\"\" title=\"cropped-mfiles1-pict-1.jpg\"><\/div> <\/div><\/div> <\/div><div  data-label=\"Cta\" data-id=\"cta--1\" data-export-id=\"cta-centered-bg-section\" data-category=\"cta\" data-section-ov=\"1\" class=\"cta-centered-bg-section content-section content-section-spacing-medium white-text\" data-parallax-depth=\"20\" id=\"cta-1\" style=\"background-color: rgb(245, 250, 253); background-size: cover; background-position: center top; background-image: url(&quot;https:\/\/erpio.one\/wp-content\/uploads\/2020\/08\/M-Files-430.jpg&quot;);\"><div  class=\"gridContainer\"> <div  class=\"row text-center\"><div  data-type=\"column\" class=\"\"> <h2  class=\"\">M-Files CMS \r\n<br >\u201eSyst\u00e9m pre spr\u00e1vu zml\u00fav&#8220;<\/h2> <\/div> <\/div><\/div> <\/div><div  data-label=\"Features\" data-id=\"features--1\" data-export-id=\"features-ov-4-mc\" data-category=\"features\" class=\"features-ov-4-mc content-section content-section-spacing\" id=\"features-1\" style=\"background-color: rgb(255, 255, 255);\"><div  class=\"gridContainer\"> <div  data-type=\"row\" class=\"row spaced-cols text-center\"><div  class=\"col-xs-12 col-sm-4 col-padding\"> <i  class=\"fa icon shadow-large-black aligncenter fa-clone reverse round large color7\"><\/i> <div  data-type=\"column\" class=\"\"> <h5  class=\"font-400\">TVORBA ZML\u00daV<\/h5> <p  class=\"\">Tak ako vytvorenie zmluvy z predlohy s doplnen\u00edm k\u013e\u00fa\u010dov\u00fdch \u00fadajov (metad\u00e1t),  tak aj evidencia verzi\u00ed po vykonan\u00fdch zmen\u00e1ch prebieha automatizovane.<\/p><\/div> <\/div> <div  class=\"col-xs-12 col-sm-4 col-padding\"> <i  class=\"fa icon shadow-large-black aligncenter fa-comments reverse round large color7\"><\/i> <div  data-type=\"column\" class=\"\"><h5  class=\"font-400\">PRIPOMIENKOVANIE<\/h5> <p  class=\"\">\u00dapravy a schva\u013eovanie v r\u00e1mci firmy je riaden\u00e9 pod\u013ea preddefinovan\u00e9ho workflow a v\u0161etky vykonan\u00e9 zmeny a \u00falohy s\u00fa zaznamenan\u00e9.<\/p><\/div> <\/div> <div  class=\"col-xs-12 col-sm-4 col-padding\"> <i  class=\"fa icon shadow-large-black aligncenter fa-edit reverse round large color7\"><\/i> <div  data-type=\"column\" class=\"\"><h5  class=\"font-400\">ELEKTRONICK\u00dd PODPIS<\/h5> <p  class=\"\">S\u00fa\u010das\u0165ou schva\u013eovacieho workflow m\u00f4\u017ee by\u0165 aj automatick\u00e9 odovzdanie zmluvy partnerovi na podpis, bez toho aby ste museli zmluvu vytla\u010di\u0165 a n\u00e1sledne ju po podpise skenova\u0165.<\/p><\/div> <\/div><div  class=\"col-xs-12 col-sm-4 col-padding\"> <i  class=\"fa icon shadow-large-black aligncenter fa-archive reverse round large color7\"><\/i> <div  data-type=\"column\" class=\"\"> <h5  class=\"font-400\">ARCH\u00cdV ZML\u00daV<\/h5> <p  class=\"\">Po podpise je elektronick\u00fd origin\u00e1l automaticky ulo\u017een\u00fd do arch\u00edvu a zodpovedn\u00e9 osoby s\u00fa o tom informovan\u00e9. S\u00fa\u010dasne sa sp\u00fa\u0161\u0165a kontroln\u00e9 workflow, ktor\u00e9 &#8222;str\u00e1\u017ei&#8220; k\u013e\u00fa\u010dov\u00e9 term\u00edny a \u00falohy ktor\u00e9 so zmluvou s\u00favisia.<\/p><\/div> <\/div><div  class=\"col-xs-12 col-sm-4 col-padding\"> <i  class=\"fa icon shadow-large-black aligncenter fa-search reverse round large color7\"><\/i> <div  data-type=\"column\" class=\"\"> <h5  class=\"font-400\">PREH\u013dAD\u00c1VANIE<\/h5> <p  class=\"\">Opr\u00e1vnen\u00ed pou\u017e\u00edvatelia m\u00f4\u017eu zmluvy vyh\u013ead\u00e1va\u0165 alebo full-textovo preh\u013ead\u00e1va\u0165, zostavova\u0165 u\u017e\u00edvate\u013esk\u00e9 zoznamy a preh\u013eady.<\/p><\/div> <\/div><div  class=\"col-xs-12 col-sm-4 col-padding\"> <i  class=\"fa icon shadow-large-black aligncenter fa-cogs reverse round large color7\"><\/i> <div  data-type=\"column\" class=\"\"> <h5  class=\"font-400\">INTEGR\u00c1CIA<\/h5> <p  class=\"\">Integr\u00e1cia s firemn\u00fdmi d\u00e1tami ulo\u017een\u00fdmi pod spr\u00e1vou informa\u010dn\u00fdch syst\u00e9mov ako aj vyu\u017e\u00edvanie firemn\u00fdch \u010d\u00edseln\u00edkov pre tvorbu obsahu zml\u00fav, je \u0161tandardnou vlastnos\u0165ou.<\/p><\/div> <\/div><\/div> <\/div><\/div><div  data-label=\"Content\" data-id=\"content--2\" data-export-id=\"content-7-mc\" data-category=\"content\" class=\"content-7-mc content-section content-section-spacing\" id=\"content-2\" style=\"background-color: rgb(245, 250, 253);\"><div  class=\"gridContainer\"> <div  class=\"row middle-sm\"><div  class=\"col-sm-6 space-bottom-xs\" data-type=\"column\"> <h2  class=\"\">M-Files spravuje cel\u00fd \u017eivotn\u00fd cyklus zmluvy, od jej vytvorenia a\u017e po archiv\u00e1ciu<\/h2>  <p  class=\"lead\"><\/p><h3  class=\"\">1. Po\u017eiadavka a za\u010datie pr\u00edpravy zmluvy<\/h3><p  class=\"\">\u0160abl\u00f3ny zml\u00fav mo\u017eno pou\u017ei\u0165 na zefekt\u00edvnenie za\u010datia postupu spracovania zmluvy. Spravujte kni\u017enicu schv\u00e1len\u00fdch a verziovan\u00fdch \u0161abl\u00f3n zml\u00fav.<\/p><h3  class=\"\">2. N\u00e1vrh a prerokovanie\r\n<\/h3><p  class=\"\">Po\u010das procesu n\u00e1vrhu a schva\u013eovania s\u00fa koncepty zml\u00fav verziovan\u00e9. Integr\u00e1cia Microsoft Office a Office 365 u\u013eah\u010duje pr\u00e1cu a podporuje spolupr\u00e1cu \u010dlenov t\u00edmu.<\/p><h3  class=\"\">3. Kontrola a schv\u00e1lenie<\/h3><p  class=\"\">Flexibiln\u00e9 pracovn\u00e9 postupy umo\u017e\u0148uj\u00fa viacstup\u0148ov\u00e9 kontroly a schva\u013eovanie.<\/p><h3  class=\"\">4. Elektronick\u00fd podpis<\/h3><p  class=\"\">Dokumenty je mo\u017en\u00e9 podpisova\u0165 pomocou funkci\u00ed prepojen\u00fdch n\u00e1strojov DocuSign, iSmlouva, signatus alebo mobilnej aplik\u00e1cie M-Files.<\/p><h3  class=\"\">5. Realiz\u00e1cia a plnenie<\/h3><p  class=\"\">M\u00ed\u013eniky, povinnosti a probl\u00e9my s\u00fa spravovan\u00e9 pomocou automatick\u00fdch priraden\u00ed, ozn\u00e1men\u00ed a \u00faloh.<\/p><\/div> <div  class=\"col-sm-6\" data-type=\"column\"> <img decoding=\"async\"  class=\"shadow-large\" src=\"https:\/\/erpio.one\/wp-content\/uploads\/2020\/09\/cropped-m-files-cms.png\" alt=\"\" title=\"cropped-m-files-cms.png\"><p  class=\"lead\"><\/p><h3  class=\"\">6. Spravova\u0165 a riadi\u0165\r\n<\/h3><p  class=\"\">Zmluvy s\u00fa indexovan\u00e9 pomocou k\u013e\u00fa\u010dov\u00fdch metad\u00e1t, ako s\u00fa klienti, projekty alebo vlastnosti, ktor\u00e9 pom\u00e1haj\u00fa dynamicky organizova\u0165 obsah. Zmeny, pr\u00edlohy a \u010fal\u0161ie s\u00favisiace dokumenty mo\u017eno prepoji\u0165 s hlavnou zmluvou a dynamicky riadiace panely sleduj\u00fa stav, vypr\u0161anie platnosti a \u010fal\u0161ie m\u00ed\u013eniky.<\/p><h3  class=\"\">7. H\u013eada\u0165 a zobrazova\u0165<\/h3><p  class=\"\">Pokro\u010dil\u00e9 vyh\u013ead\u00e1vanie a flexibiln\u00e9 preh\u013eady zais\u0165uj\u00fa r\u00fdchle zobrazovanie zml\u00fav.<\/p><h3  class=\"\">8. Archivova\u0165<\/h3><p  class=\"\">Automatizujte ru\u010dn\u00fa obnovu i archiv\u00e1ciu. Na strane predaja upozor\u0148uje na d\u00e1tum vypr\u0161ania platnosti a poskytuje viac priestoru na predaj a doplnkov\u00fd predaj.<\/p><\/div> <\/div><\/div> <\/div><div  data-label=\"Cta\" data-id=\"cta--2\" data-export-id=\"cta-centered-bg-section\" data-category=\"cta\" data-section-ov=\"1\" class=\"cta-centered-bg-section content-section content-section-spacing-medium white-text\" data-parallax-depth=\"20\" id=\"cta-2\" style=\"background-color: rgb(255, 255, 255); background-size: cover; background-position: center top; background-image: url(&quot;https:\/\/erpio.one\/wp-content\/uploads\/2020\/08\/M-Files-430.jpg&quot;);\"><div  class=\"gridContainer\"> <div  class=\"row text-center\"><div  data-type=\"column\" class=\"\">  <p  class=\"lead\"><span  style=\"font-weight: 700;\">Rie\u0161enia pre spr\u00e1vu kontraktov novej gener\u00e1cie, ako je M-Files CMS, \r\n<br >umo\u017e\u0148uj\u00fa organiz\u00e1ci\u00e1m automatizova\u0165 procesy riadenia kontraktov a z\u00e1rove\u0148 zabezpe\u010di\u0165, aby sa riziko zn\u00ed\u017eilo.<\/span><\/p><a class=\"button color-white square outline\" href=\"https:\/\/erpio.one\/wp-content\/uploads\/2020\/09\/Infographic-Streamlining-Contract-Management3.pdf\" target=\"_blank\" data-cp-link=\"1\" data-icon=\"\" rel=\"noopener noreferrer\">T\u00c1TO infografika ilustruje PROCES SPRAVY ZML\u00daV<\/a><\/div> <\/div><\/div> <\/div><div  data-label=\"Clients\" data-id=\"clients--2\" data-export-id=\"clients-1\" data-category=\"clients\" class=\"clients-1 content-section content-section-spacing\" id=\"clients-2\" style=\"background-color: rgb(255, 255, 255);\"><div  class=\"gridContainer\"> <div  class=\"row middle-sm\"><div  data-type=\"column\" class=\"col-sm-6 space-bottom-xs\"> <p  class=\"lead\"><span  style=\"color: rgb(107, 124, 147);\">To najd\u00f4le\u017eitej\u0161ie o n\u00e1s, na\u0161ich \u013eu\u010foch, firme a produktoch sa dozviete od na\u0161ich z\u00e1kazn\u00edkov<\/span><\/p><h2  class=\"font-700\"><span  style=\"color: rgb(107, 124, 147);\">Na\u0161i klienti<\/span><span  id=\"_mce_caret\" data-mce-bogus=\"1\" data-mce-type=\"format-caret\"><span  style=\"color: rgb(107, 124, 147);\">\ufeff<\/span><\/span><\/h2> <\/div> <div  class=\"col-sm-6\"><div  data-type=\"row\" class=\"row spaced-cols center-xs padding-lr\"> <div  class=\"col-xs-3\"> <img decoding=\"async\"  src=\"https:\/\/erpio.one\/wp-content\/uploads\/2020\/09\/logo-sm-data-1.jpg\" class=\"desaturate\" alt=\"\" title=\"logo-sm-data-1\"><\/div> <div  class=\"col-xs-3\"> <img decoding=\"async\"  src=\"https:\/\/erpio.one\/wp-content\/uploads\/2020\/09\/cropped-tri-vezicky-1.jpg\" class=\"desaturate\" alt=\"\" title=\"cropped-tri-vezicky-1.jpg\"><\/div> <div  class=\"col-xs-3\"> <img decoding=\"async\"  src=\"https:\/\/erpio.one\/wp-content\/uploads\/2019\/11\/cropped-clogo-480x480-459820-3.jpg\" class=\"desaturate\" alt=\"\" title=\"cropped-clogo-480x480-459820-3.jpg\"><\/div> <div  class=\"col-xs-3\"> <img decoding=\"async\"  src=\"https:\/\/erpio.one\/wp-content\/uploads\/2020\/09\/DB_logo_colour_154.jpg\" class=\"desaturate\" alt=\"\" title=\"DB_logo_colour_154\"><\/div> <div  class=\"col-xs-3\"> <img decoding=\"async\"  src=\"https:\/\/erpio.one\/wp-content\/uploads\/2020\/03\/cropped-NEVA-1.jpg\" class=\"desaturate\" alt=\"\" title=\"cropped-NEVA-1.jpg\"><\/div><div  class=\"col-xs-3\"> <img decoding=\"async\"  src=\"https:\/\/erpio.one\/wp-content\/uploads\/2020\/09\/alika.png\" class=\"desaturate\" alt=\"\" title=\"alika\"><\/div><div  class=\"col-xs-3\"> <img decoding=\"async\"  src=\"https:\/\/erpio.one\/wp-content\/uploads\/2020\/03\/cropped-KPS_corporate_title-3.jpg\" class=\"desaturate\" alt=\"\" title=\"cropped-KPS_corporate_title-3.jpg\"><\/div><\/div><\/div> <\/div><\/div> <\/div>","protected":false},"excerpt":{"rendered":"<p>Modern\u00e9 rie\u0161enia pre spr\u00e1vu zml\u00fav zvy\u0161uj\u00fa produktivitu a zni\u017euj\u00fa rizik\u00e1 t\u00fdm, \u017ee organiz\u00e1ci\u00e1m umo\u017e\u0148uj\u00fa \u013eahko a bezpe\u010dne automatizova\u0165 procesy a elektronicky podpisova\u0165 dokumenty na akomko\u013evek zariaden\u00edK\u013d\u00da\u010cOV\u00c9 VLASTNOSTI M-FILES CMS V\u0161etko preh\u013eadne a na jednom mieste M-Files Digital WorkPlace umo\u017e\u0148uje integrova\u0165 n\u00e1vrhy zml\u00fav aj ich elektronicky podp\u00edsan\u00e9 origin\u00e1ly so z\u00e1znamami a agendami firemn\u00e9ho syst\u00e9mu M-Files CMS&hellip; <br \/> <a class=\"read-more\" href=\"https:\/\/erpio.one\/sk\/m-files\/cms-m-files\/\">Read more<\/a><\/p>\n","protected":false},"author":1,"featured_media":3179,"parent":3174,"menu_order":0,"comment_status":"closed","ping_status":"closed","template":"pro\/page-templates\/full-width-page.php","meta":{"content-type":"","footnotes":"","_links_to":"","_links_to_target":""},"class_list":["post-9297","page","type-page","status-publish","has-post-thumbnail","hentry"],"yoast_head":"<!-- This site is optimized with the Yoast SEO plugin v26.3 - https:\/\/yoast.com\/wordpress\/plugins\/seo\/ -->\n<title>M-Files Spr\u00e1va zml\u00fav &#8226;<\/title>\n<meta name=\"robots\" content=\"index, follow, max-snippet:-1, max-image-preview:large, max-video-preview:-1\" \/>\n<link rel=\"canonical\" href=\"https:\/\/erpio.one\/sk\/m-files\/cms-m-files\/\" \/>\n<meta property=\"og:locale\" content=\"sk_SK\" \/>\n<meta property=\"og:type\" content=\"article\" \/>\n<meta property=\"og:title\" content=\"M-Files Spr\u00e1va zml\u00fav &#8226;\" \/>\n<meta property=\"og:description\" content=\"Modern\u00e9 rie\u0161enia pre spr\u00e1vu zml\u00fav zvy\u0161uj\u00fa produktivitu a zni\u017euj\u00fa rizik\u00e1 t\u00fdm, \u017ee organiz\u00e1ci\u00e1m umo\u017e\u0148uj\u00fa \u013eahko a bezpe\u010dne automatizova\u0165 procesy a elektronicky podpisova\u0165 dokumenty na akomko\u013evek zariaden\u00edK\u013d\u00da\u010cOV\u00c9 VLASTNOSTI M-FILES CMS V\u0161etko preh\u013eadne a na jednom mieste M-Files Digital WorkPlace umo\u017e\u0148uje integrova\u0165 n\u00e1vrhy zml\u00fav aj ich elektronicky podp\u00edsan\u00e9 origin\u00e1ly so z\u00e1znamami a agendami firemn\u00e9ho syst\u00e9mu M-Files CMS&hellip; Read more\" \/>\n<meta property=\"og:url\" content=\"https:\/\/erpio.one\/sk\/m-files\/cms-m-files\/\" \/>\n<meta property=\"article:modified_time\" content=\"2021-04-08T06:13:25+00:00\" \/>\n<meta property=\"og:image\" content=\"https:\/\/erpio.one\/wp-content\/uploads\/2020\/08\/M-Files-430.jpg\" \/>\n\t<meta property=\"og:image:width\" content=\"1920\" \/>\n\t<meta property=\"og:image:height\" content=\"430\" \/>\n\t<meta property=\"og:image:type\" content=\"image\/jpeg\" \/>\n<meta name=\"twitter:card\" content=\"summary_large_image\" \/>\n<meta name=\"twitter:label1\" content=\"Predpokladan\u00fd \u010das \u010d\u00edtania\" \/>\n\t<meta name=\"twitter:data1\" content=\"3 min\u00faty\" \/>\n<script type=\"application\/ld+json\" class=\"yoast-schema-graph\">{\"@context\":\"https:\/\/schema.org\",\"@graph\":[{\"@type\":\"WebPage\",\"@id\":\"https:\/\/erpio.one\/sk\/m-files\/cms-m-files\/\",\"url\":\"https:\/\/erpio.one\/sk\/m-files\/cms-m-files\/\",\"name\":\"M-Files Spr\u00e1va zml\u00fav &#8226;\",\"isPartOf\":{\"@id\":\"https:\/\/erpio.one\/sk\/#website\"},\"primaryImageOfPage\":{\"@id\":\"https:\/\/erpio.one\/sk\/m-files\/cms-m-files\/#primaryimage\"},\"image\":{\"@id\":\"https:\/\/erpio.one\/sk\/m-files\/cms-m-files\/#primaryimage\"},\"thumbnailUrl\":\"https:\/\/erpio.one\/wp-content\/uploads\/2020\/08\/M-Files-430.jpg\",\"datePublished\":\"2020-09-30T10:09:49+00:00\",\"dateModified\":\"2021-04-08T06:13:25+00:00\",\"breadcrumb\":{\"@id\":\"https:\/\/erpio.one\/sk\/m-files\/cms-m-files\/#breadcrumb\"},\"inLanguage\":\"sk-SK\",\"potentialAction\":[{\"@type\":\"ReadAction\",\"target\":[\"https:\/\/erpio.one\/sk\/m-files\/cms-m-files\/\"]}]},{\"@type\":\"ImageObject\",\"inLanguage\":\"sk-SK\",\"@id\":\"https:\/\/erpio.one\/sk\/m-files\/cms-m-files\/#primaryimage\",\"url\":\"https:\/\/erpio.one\/wp-content\/uploads\/2020\/08\/M-Files-430.jpg\",\"contentUrl\":\"https:\/\/erpio.one\/wp-content\/uploads\/2020\/08\/M-Files-430.jpg\",\"width\":1920,\"height\":430},{\"@type\":\"BreadcrumbList\",\"@id\":\"https:\/\/erpio.one\/sk\/m-files\/cms-m-files\/#breadcrumb\",\"itemListElement\":[{\"@type\":\"ListItem\",\"position\":1,\"name\":\"Home\",\"item\":\"https:\/\/erpio.one\/sk\/\"},{\"@type\":\"ListItem\",\"position\":2,\"name\":\"M-FILES\",\"item\":\"https:\/\/erpio.one\/sk\/m-files\/\"},{\"@type\":\"ListItem\",\"position\":3,\"name\":\"M-Files Spr\u00e1va zml\u00fav\"}]},{\"@type\":\"WebSite\",\"@id\":\"https:\/\/erpio.one\/sk\/#website\",\"url\":\"https:\/\/erpio.one\/sk\/\",\"name\":\"ERPIO - Mobile ERP\",\"description\":\"\",\"publisher\":{\"@id\":\"https:\/\/erpio.one\/sk\/#organization\"},\"potentialAction\":[{\"@type\":\"SearchAction\",\"target\":{\"@type\":\"EntryPoint\",\"urlTemplate\":\"https:\/\/erpio.one\/sk\/?s={search_term_string}\"},\"query-input\":{\"@type\":\"PropertyValueSpecification\",\"valueRequired\":true,\"valueName\":\"search_term_string\"}}],\"inLanguage\":\"sk-SK\"},{\"@type\":\"Organization\",\"@id\":\"https:\/\/erpio.one\/sk\/#organization\",\"name\":\"ERPIO\",\"url\":\"https:\/\/erpio.one\/sk\/\",\"logo\":{\"@type\":\"ImageObject\",\"inLanguage\":\"sk-SK\",\"@id\":\"https:\/\/erpio.one\/sk\/#\/schema\/logo\/image\/\",\"url\":\"https:\/\/erpio.one\/wp-content\/uploads\/2018\/06\/erpio-one-ikona_av4_800x500_.png\",\"contentUrl\":\"https:\/\/erpio.one\/wp-content\/uploads\/2018\/06\/erpio-one-ikona_av4_800x500_.png\",\"width\":800,\"height\":500,\"caption\":\"ERPIO\"},\"image\":{\"@id\":\"https:\/\/erpio.one\/sk\/#\/schema\/logo\/image\/\"}}]}<\/script>\n<!-- \/ Yoast SEO plugin. -->","yoast_head_json":{"title":"M-Files Spr\u00e1va zml\u00fav &#8226;","robots":{"index":"index","follow":"follow","max-snippet":"max-snippet:-1","max-image-preview":"max-image-preview:large","max-video-preview":"max-video-preview:-1"},"canonical":"https:\/\/erpio.one\/sk\/m-files\/cms-m-files\/","og_locale":"sk_SK","og_type":"article","og_title":"M-Files Spr\u00e1va zml\u00fav &#8226;","og_description":"Modern\u00e9 rie\u0161enia pre spr\u00e1vu zml\u00fav zvy\u0161uj\u00fa produktivitu a zni\u017euj\u00fa rizik\u00e1 t\u00fdm, \u017ee organiz\u00e1ci\u00e1m umo\u017e\u0148uj\u00fa \u013eahko a bezpe\u010dne automatizova\u0165 procesy a elektronicky podpisova\u0165 dokumenty na akomko\u013evek zariaden\u00edK\u013d\u00da\u010cOV\u00c9 VLASTNOSTI M-FILES CMS V\u0161etko preh\u013eadne a na jednom mieste M-Files Digital WorkPlace umo\u017e\u0148uje integrova\u0165 n\u00e1vrhy zml\u00fav aj ich elektronicky podp\u00edsan\u00e9 origin\u00e1ly so z\u00e1znamami a agendami firemn\u00e9ho syst\u00e9mu M-Files CMS&hellip; Read more","og_url":"https:\/\/erpio.one\/sk\/m-files\/cms-m-files\/","article_modified_time":"2021-04-08T06:13:25+00:00","og_image":[{"width":1920,"height":430,"url":"https:\/\/erpio.one\/wp-content\/uploads\/2020\/08\/M-Files-430.jpg","type":"image\/jpeg"}],"twitter_card":"summary_large_image","twitter_misc":{"Predpokladan\u00fd \u010das \u010d\u00edtania":"3 min\u00faty"},"schema":{"@context":"https:\/\/schema.org","@graph":[{"@type":"WebPage","@id":"https:\/\/erpio.one\/sk\/m-files\/cms-m-files\/","url":"https:\/\/erpio.one\/sk\/m-files\/cms-m-files\/","name":"M-Files Spr\u00e1va zml\u00fav &#8226;","isPartOf":{"@id":"https:\/\/erpio.one\/sk\/#website"},"primaryImageOfPage":{"@id":"https:\/\/erpio.one\/sk\/m-files\/cms-m-files\/#primaryimage"},"image":{"@id":"https:\/\/erpio.one\/sk\/m-files\/cms-m-files\/#primaryimage"},"thumbnailUrl":"https:\/\/erpio.one\/wp-content\/uploads\/2020\/08\/M-Files-430.jpg","datePublished":"2020-09-30T10:09:49+00:00","dateModified":"2021-04-08T06:13:25+00:00","breadcrumb":{"@id":"https:\/\/erpio.one\/sk\/m-files\/cms-m-files\/#breadcrumb"},"inLanguage":"sk-SK","potentialAction":[{"@type":"ReadAction","target":["https:\/\/erpio.one\/sk\/m-files\/cms-m-files\/"]}]},{"@type":"ImageObject","inLanguage":"sk-SK","@id":"https:\/\/erpio.one\/sk\/m-files\/cms-m-files\/#primaryimage","url":"https:\/\/erpio.one\/wp-content\/uploads\/2020\/08\/M-Files-430.jpg","contentUrl":"https:\/\/erpio.one\/wp-content\/uploads\/2020\/08\/M-Files-430.jpg","width":1920,"height":430},{"@type":"BreadcrumbList","@id":"https:\/\/erpio.one\/sk\/m-files\/cms-m-files\/#breadcrumb","itemListElement":[{"@type":"ListItem","position":1,"name":"Home","item":"https:\/\/erpio.one\/sk\/"},{"@type":"ListItem","position":2,"name":"M-FILES","item":"https:\/\/erpio.one\/sk\/m-files\/"},{"@type":"ListItem","position":3,"name":"M-Files Spr\u00e1va zml\u00fav"}]},{"@type":"WebSite","@id":"https:\/\/erpio.one\/sk\/#website","url":"https:\/\/erpio.one\/sk\/","name":"ERPIO - Mobile ERP","description":"","publisher":{"@id":"https:\/\/erpio.one\/sk\/#organization"},"potentialAction":[{"@type":"SearchAction","target":{"@type":"EntryPoint","urlTemplate":"https:\/\/erpio.one\/sk\/?s={search_term_string}"},"query-input":{"@type":"PropertyValueSpecification","valueRequired":true,"valueName":"search_term_string"}}],"inLanguage":"sk-SK"},{"@type":"Organization","@id":"https:\/\/erpio.one\/sk\/#organization","name":"ERPIO","url":"https:\/\/erpio.one\/sk\/","logo":{"@type":"ImageObject","inLanguage":"sk-SK","@id":"https:\/\/erpio.one\/sk\/#\/schema\/logo\/image\/","url":"https:\/\/erpio.one\/wp-content\/uploads\/2018\/06\/erpio-one-ikona_av4_800x500_.png","contentUrl":"https:\/\/erpio.one\/wp-content\/uploads\/2018\/06\/erpio-one-ikona_av4_800x500_.png","width":800,"height":500,"caption":"ERPIO"},"image":{"@id":"https:\/\/erpio.one\/sk\/#\/schema\/logo\/image\/"}}]}},"_links":{"self":[{"href":"https:\/\/erpio.one\/sk\/wp-json\/wp\/v2\/pages\/9297","targetHints":{"allow":["GET"]}}],"collection":[{"href":"https:\/\/erpio.one\/sk\/wp-json\/wp\/v2\/pages"}],"about":[{"href":"https:\/\/erpio.one\/sk\/wp-json\/wp\/v2\/types\/page"}],"author":[{"embeddable":true,"href":"https:\/\/erpio.one\/sk\/wp-json\/wp\/v2\/users\/1"}],"replies":[{"embeddable":true,"href":"https:\/\/erpio.one\/sk\/wp-json\/wp\/v2\/comments?post=9297"}],"version-history":[{"count":3,"href":"https:\/\/erpio.one\/sk\/wp-json\/wp\/v2\/pages\/9297\/revisions"}],"predecessor-version":[{"id":9301,"href":"https:\/\/erpio.one\/sk\/wp-json\/wp\/v2\/pages\/9297\/revisions\/9301"}],"up":[{"embeddable":true,"href":"https:\/\/erpio.one\/sk\/wp-json\/wp\/v2\/pages\/3174"}],"wp:featuredmedia":[{"embeddable":true,"href":"https:\/\/erpio.one\/sk\/wp-json\/wp\/v2\/media\/3179"}],"wp:attachment":[{"href":"https:\/\/erpio.one\/sk\/wp-json\/wp\/v2\/media?parent=9297"}],"curies":[{"name":"wp","href":"https:\/\/api.w.org\/{rel}","templated":true}]}}