{"id":9208,"date":"2021-02-17T09:47:01","date_gmt":"2021-02-17T08:47:01","guid":{"rendered":"https:\/\/erpio.one\/?page_id=9208"},"modified":"2021-02-17T21:57:24","modified_gmt":"2021-02-17T20:57:24","slug":"erpio-online-service-pozvanka","status":"publish","type":"page","link":"https:\/\/erpio.one\/sk\/erpio-online-service-pozvanka\/","title":{"rendered":"ERPIO Online Service"},"content":{"rendered":"<div class=\"wpb-content-wrapper\"><p>[vc_row][vc_column width=&#8220;1\/6&#8243;][\/vc_column][vc_column width=&#8220;1\/3&#8243;][vc_custom_heading text=&#8220;ERPIO Online Service&#8220; use_theme_fonts=&#8220;yes&#8220;][vc_single_image image=&#8220;8778&#8243; img_size=&#8220;full&#8220;][\/vc_column][vc_column width=&#8220;1\/2&#8243;][vc_row_inner][vc_column_inner width=&#8220;1\/4&#8243;][\/vc_column_inner][vc_column_inner width=&#8220;1\/2&#8243;][vc_custom_heading text=&#8220;ERPIO Online Service&#8220; font_container=&#8220;tag:h2|text_align:left|color:%23ffffff&#8220; use_theme_fonts=&#8220;yes&#8220;][\/vc_column_inner][vc_column_inner width=&#8220;1\/4&#8243;][\/vc_column_inner][\/vc_row_inner][vc_separator color=&#8220;white&#8220;][vc_custom_heading text=&#8220;\u017div\u00e1 videoprezent\u00e1cia&#8220; font_container=&#8220;tag:h4|text_align:left|color:%231e73be&#8220; use_theme_fonts=&#8220;yes&#8220;][vc_row_inner][vc_column_inner width=&#8220;1\/4&#8243;][vc_single_image image=&#8220;2180&#8243; alignment=&#8220;center&#8220;][\/vc_column_inner][vc_column_inner width=&#8220;1\/2&#8243;][vc_column_text]Pozrite sa na kr\u00e1tku uk\u00e1\u017eku jednoduch\u00e9ho n\u00e1stroja pre servisn\u00fdch technikov a pracovn\u00edkov v ter\u00e9ne[\/vc_column_text][vc_custom_heading text=&#8220;Kon\u00e1 sa v stredu, 24. febru\u00e1ra 2021 o 13:00 hod.&#8220; font_container=&#8220;tag:h4|text_align:left|color:%231e73be&#8220; use_theme_fonts=&#8220;yes&#8220;][\/vc_column_inner][vc_column_inner width=&#8220;1\/4&#8243;][\/vc_column_inner][\/vc_row_inner][vc_separator color=&#8220;white&#8220;][vc_custom_heading text=&#8220;\u017div\u00e1 video prezentace&#8220; font_container=&#8220;tag:h4|text_align:left|color:%231e73be&#8220; use_theme_fonts=&#8220;yes&#8220;][vc_row_inner][vc_column_inner width=&#8220;1\/4&#8243;][vc_single_image image=&#8220;2185&#8243; alignment=&#8220;center&#8220;][\/vc_column_inner][vc_column_inner width=&#8220;1\/2&#8243;][vc_column_text]Pod\u00edvejte se na kr\u00e1tkou uk\u00e1zku jednoduch\u00e9ho n\u00e1stroje pro servisn\u00ed techniky a pracovn\u00edky v ter\u00e9nu<br \/>\n[\/vc_column_text][vc_custom_heading text=&#8220;Kon\u00e1 se ve st\u0159edu, 24. \u00fanora 2021 v 13:00 hod.&#8220; font_container=&#8220;tag:h4|text_align:left|color:%231e73be&#8220; use_theme_fonts=&#8220;yes&#8220;][\/vc_column_inner][vc_column_inner width=&#8220;1\/4&#8243;][\/vc_column_inner][\/vc_row_inner][\/vc_column][\/vc_row][vc_row][vc_column width=&#8220;1\/6&#8243;][\/vc_column][vc_column width=&#8220;1\/3&#8243;][vc_column_text]ERPIO Online Servis je jednoduch\u00e1 aplik\u00e1cia s mnoh\u00fdmi mo\u017enos\u0165ami pou\u017eitia.<br \/>\n[\/vc_column_text][vc_column_text]Je zameran\u00e1 na potreby servisn\u00fdch technikov a in\u00fdch pracovn\u00edkov, ktor\u00ed poskytuj\u00fa poradensk\u00e9, oprav\u00e1rensk\u00e9, konzulta\u010dn\u00e9 a in\u00e9 \u010dinnosti u klientov alebo v ter\u00e9ne.<br \/>\n[\/vc_column_text][vc_column_text]<\/p>\n<p>ERPIO Online Servis v\u00e1m poskytne v\u0161etko d\u00f4le\u017eit\u00e9, \u010do pre pr\u00e1cu na cest\u00e1ch potrebujete. Napr\u00edklad vytvorenie v\u00fdkazu pr\u00e1ce, jeho elektronick\u00e9 podp\u00edsanie a automatick\u00e9 odoslanie.<\/p>\n<p>[\/vc_column_text][vc_column_text]<\/p>\n<p>ERPIO Online Servis je mo\u017en\u00e9 integrova\u0165 s Va\u0161\u00edm podnikov\u00fdm informa\u010dn\u00fdm syst\u00e9mom, alebo m\u00f4\u017ee fungova\u0165 ako samostatn\u00e9 rie\u0161enie bez napojenia na in\u00fd syst\u00e9m.<\/p>\n<p>[\/vc_column_text][vc_btn title=&#8220;Popis produktu&#8220; style=&#8220;flat&#8220; shape=&#8220;square&#8220; color=&#8220;info&#8220; link=&#8220;url:https%3A%2F%2Ferpio.one%2Fsk%2F2021%2F02%2F10%2Fmobilni-servis%2F|target:_blank&#8220;][\/vc_column][vc_column width=&#8220;1\/3&#8243;][vc_row_inner css=&#8220;.vc_custom_1613556080942{background-color: rgba(30,115,190,0.33) !important;*background-color: rgb(30,115,190) !important;}&#8220;][vc_column_inner][vc_custom_heading text=&#8220;Chcem si to pozrie\u0165&#8220; font_container=&#8220;tag:h3|text_align:left|color:%231e73be&#8220; use_theme_fonts=&#8220;yes&#8220;][vc_raw_js]JTNDc2NyaXB0JTIwY2hhcnNldCUzRCUyMnV0Zi04JTIyJTIwdHlwZSUzRCUyMnRleHQlMkZqYXZhc2NyaXB0JTIyJTIwc3JjJTNEJTIyJTJGJTJGanMuaHNmb3Jtcy5uZXQlMkZmb3JtcyUyRnNoZWxsLmpzJTIyJTNFJTNDJTJGc2NyaXB0JTNFJTBBJTNDc2NyaXB0JTNFJTBBJTIwJTIwaGJzcHQuZm9ybXMuY3JlYXRlJTI4JTdCJTBBJTA5cG9ydGFsSWQlM0ElMjAlMjIyNjcyNDM3JTIyJTJDJTBBJTA5Zm9ybUlkJTNBJTIwJTIyNzlkOGIxMmYtY2M3Yy00ZGU3LWI4NjgtZjQ5MDNjODFkZjAyJTIyJTBBJTdEJTI5JTNCJTBBJTNDJTJGc2NyaXB0JTNF[\/vc_raw_js][\/vc_column_inner][\/vc_row_inner][\/vc_column][\/vc_row][vc_row][vc_column width=&#8220;1\/6&#8243;][\/vc_column][vc_column width=&#8220;1\/3&#8243;][\/vc_column][vc_column width=&#8220;1\/2&#8243;][\/vc_column][\/vc_row]<\/p>\n<\/div>","protected":false},"excerpt":{"rendered":"<p>[vc_row][vc_column width=&#8220;1\/6&#8243;][\/vc_column][vc_column width=&#8220;1\/3&#8243;][vc_custom_heading text=&#8220;ERPIO Online Service&#8220; use_theme_fonts=&#8220;yes&#8220;][vc_single_image image=&#8220;8778&#8243; img_size=&#8220;full&#8220;][\/vc_column][vc_column width=&#8220;1\/2&#8243;][vc_row_inner][vc_column_inner width=&#8220;1\/4&#8243;][\/vc_column_inner][vc_column_inner width=&#8220;1\/2&#8243;][vc_custom_heading text=&#8220;ERPIO Online Service&#8220; font_container=&#8220;tag:h2|text_align:left|color:%23ffffff&#8220; use_theme_fonts=&#8220;yes&#8220;][\/vc_column_inner][vc_column_inner width=&#8220;1\/4&#8243;][\/vc_column_inner][\/vc_row_inner][vc_separator color=&#8220;white&#8220;][vc_custom_heading text=&#8220;\u017div\u00e1 videoprezent\u00e1cia&#8220; font_container=&#8220;tag:h4|text_align:left|color:%231e73be&#8220; use_theme_fonts=&#8220;yes&#8220;][vc_row_inner][vc_column_inner width=&#8220;1\/4&#8243;][vc_single_image image=&#8220;2180&#8243; alignment=&#8220;center&#8220;][\/vc_column_inner][vc_column_inner width=&#8220;1\/2&#8243;][vc_column_text]Pozrite sa na kr\u00e1tku uk\u00e1\u017eku jednoduch\u00e9ho n\u00e1stroja pre servisn\u00fdch technikov a pracovn\u00edkov v ter\u00e9ne[\/vc_column_text][vc_custom_heading text=&#8220;Kon\u00e1 sa v stredu, 24. febru\u00e1ra 2021 o 13:00 hod.&#8220; font_container=&#8220;tag:h4|text_align:left|color:%231e73be&#8220; use_theme_fonts=&#8220;yes&#8220;][\/vc_column_inner][vc_column_inner width=&#8220;1\/4&#8243;][\/vc_column_inner][\/vc_row_inner][vc_separator color=&#8220;white&#8220;][vc_custom_heading text=&#8220;\u017div\u00e1&hellip; <br \/> <a class=\"read-more\" href=\"https:\/\/erpio.one\/sk\/erpio-online-service-pozvanka\/\">Read more<\/a><\/p>\n","protected":false},"author":1,"featured_media":0,"parent":0,"menu_order":0,"comment_status":"closed","ping_status":"closed","template":"pro\/page-templates\/landing-page.php","meta":{"content-type":"","footnotes":"","_links_to":"","_links_to_target":""},"class_list":["post-9208","page","type-page","status-publish","hentry"],"yoast_head":"<!-- This site is optimized with the Yoast SEO plugin v26.3 - https:\/\/yoast.com\/wordpress\/plugins\/seo\/ -->\n<title>ERPIO Online Service &#8226;<\/title>\n<meta name=\"robots\" content=\"index, follow, max-snippet:-1, max-image-preview:large, max-video-preview:-1\" \/>\n<link rel=\"canonical\" href=\"https:\/\/erpio.one\/sk\/erpio-online-service-pozvanka\/\" \/>\n<meta property=\"og:locale\" content=\"sk_SK\" \/>\n<meta property=\"og:type\" content=\"article\" \/>\n<meta property=\"og:title\" content=\"ERPIO Online Service &#8226;\" \/>\n<meta property=\"og:description\" content=\"[vc_row][vc_column width=&#8220;1\/6&#8243;][\/vc_column][vc_column width=&#8220;1\/3&#8243;][vc_custom_heading text=&#8220;ERPIO Online Service&#8220; use_theme_fonts=&#8220;yes&#8220;][vc_single_image image=&#8220;8778&#8243; img_size=&#8220;full&#8220;][\/vc_column][vc_column width=&#8220;1\/2&#8243;][vc_row_inner][vc_column_inner width=&#8220;1\/4&#8243;][\/vc_column_inner][vc_column_inner width=&#8220;1\/2&#8243;][vc_custom_heading text=&#8220;ERPIO Online Service&#8220; font_container=&#8220;tag:h2|text_align:left|color:%23ffffff&#8220; use_theme_fonts=&#8220;yes&#8220;][\/vc_column_inner][vc_column_inner width=&#8220;1\/4&#8243;][\/vc_column_inner][\/vc_row_inner][vc_separator color=&#8220;white&#8220;][vc_custom_heading text=&#8220;\u017div\u00e1 videoprezent\u00e1cia&#8220; font_container=&#8220;tag:h4|text_align:left|color:%231e73be&#8220; use_theme_fonts=&#8220;yes&#8220;][vc_row_inner][vc_column_inner width=&#8220;1\/4&#8243;][vc_single_image image=&#8220;2180&#8243; alignment=&#8220;center&#8220;][\/vc_column_inner][vc_column_inner width=&#8220;1\/2&#8243;][vc_column_text]Pozrite sa na kr\u00e1tku uk\u00e1\u017eku jednoduch\u00e9ho n\u00e1stroja pre servisn\u00fdch technikov a pracovn\u00edkov v ter\u00e9ne[\/vc_column_text][vc_custom_heading text=&#8220;Kon\u00e1 sa v stredu, 24. febru\u00e1ra 2021 o 13:00 hod.&#8220; font_container=&#8220;tag:h4|text_align:left|color:%231e73be&#8220; use_theme_fonts=&#8220;yes&#8220;][\/vc_column_inner][vc_column_inner width=&#8220;1\/4&#8243;][\/vc_column_inner][\/vc_row_inner][vc_separator color=&#8220;white&#8220;][vc_custom_heading text=&#8220;\u017div\u00e1&hellip; Read more\" \/>\n<meta property=\"og:url\" content=\"https:\/\/erpio.one\/sk\/erpio-online-service-pozvanka\/\" \/>\n<meta property=\"article:modified_time\" content=\"2021-02-17T20:57:24+00:00\" \/>\n<meta name=\"twitter:card\" content=\"summary_large_image\" \/>\n<meta name=\"twitter:label1\" content=\"Predpokladan\u00fd \u010das \u010d\u00edtania\" \/>\n\t<meta name=\"twitter:data1\" content=\"3 min\u00faty\" \/>\n<script type=\"application\/ld+json\" class=\"yoast-schema-graph\">{\"@context\":\"https:\/\/schema.org\",\"@graph\":[{\"@type\":\"WebPage\",\"@id\":\"https:\/\/erpio.one\/sk\/erpio-online-service-pozvanka\/\",\"url\":\"https:\/\/erpio.one\/sk\/erpio-online-service-pozvanka\/\",\"name\":\"ERPIO Online Service &#8226;\",\"isPartOf\":{\"@id\":\"https:\/\/erpio.one\/sk\/#website\"},\"datePublished\":\"2021-02-17T08:47:01+00:00\",\"dateModified\":\"2021-02-17T20:57:24+00:00\",\"breadcrumb\":{\"@id\":\"https:\/\/erpio.one\/sk\/erpio-online-service-pozvanka\/#breadcrumb\"},\"inLanguage\":\"sk-SK\",\"potentialAction\":[{\"@type\":\"ReadAction\",\"target\":[\"https:\/\/erpio.one\/sk\/erpio-online-service-pozvanka\/\"]}]},{\"@type\":\"BreadcrumbList\",\"@id\":\"https:\/\/erpio.one\/sk\/erpio-online-service-pozvanka\/#breadcrumb\",\"itemListElement\":[{\"@type\":\"ListItem\",\"position\":1,\"name\":\"Home\",\"item\":\"https:\/\/erpio.one\/sk\/\"},{\"@type\":\"ListItem\",\"position\":2,\"name\":\"ERPIO Online Service\"}]},{\"@type\":\"WebSite\",\"@id\":\"https:\/\/erpio.one\/sk\/#website\",\"url\":\"https:\/\/erpio.one\/sk\/\",\"name\":\"ERPIO - Mobile ERP\",\"description\":\"\",\"publisher\":{\"@id\":\"https:\/\/erpio.one\/sk\/#organization\"},\"potentialAction\":[{\"@type\":\"SearchAction\",\"target\":{\"@type\":\"EntryPoint\",\"urlTemplate\":\"https:\/\/erpio.one\/sk\/?s={search_term_string}\"},\"query-input\":{\"@type\":\"PropertyValueSpecification\",\"valueRequired\":true,\"valueName\":\"search_term_string\"}}],\"inLanguage\":\"sk-SK\"},{\"@type\":\"Organization\",\"@id\":\"https:\/\/erpio.one\/sk\/#organization\",\"name\":\"ERPIO\",\"url\":\"https:\/\/erpio.one\/sk\/\",\"logo\":{\"@type\":\"ImageObject\",\"inLanguage\":\"sk-SK\",\"@id\":\"https:\/\/erpio.one\/sk\/#\/schema\/logo\/image\/\",\"url\":\"https:\/\/erpio.one\/wp-content\/uploads\/2018\/06\/erpio-one-ikona_av4_800x500_.png\",\"contentUrl\":\"https:\/\/erpio.one\/wp-content\/uploads\/2018\/06\/erpio-one-ikona_av4_800x500_.png\",\"width\":800,\"height\":500,\"caption\":\"ERPIO\"},\"image\":{\"@id\":\"https:\/\/erpio.one\/sk\/#\/schema\/logo\/image\/\"}}]}<\/script>\n<!-- \/ Yoast SEO plugin. -->","yoast_head_json":{"title":"ERPIO Online Service &#8226;","robots":{"index":"index","follow":"follow","max-snippet":"max-snippet:-1","max-image-preview":"max-image-preview:large","max-video-preview":"max-video-preview:-1"},"canonical":"https:\/\/erpio.one\/sk\/erpio-online-service-pozvanka\/","og_locale":"sk_SK","og_type":"article","og_title":"ERPIO Online Service &#8226;","og_description":"[vc_row][vc_column width=&#8220;1\/6&#8243;][\/vc_column][vc_column width=&#8220;1\/3&#8243;][vc_custom_heading text=&#8220;ERPIO Online Service&#8220; use_theme_fonts=&#8220;yes&#8220;][vc_single_image image=&#8220;8778&#8243; img_size=&#8220;full&#8220;][\/vc_column][vc_column width=&#8220;1\/2&#8243;][vc_row_inner][vc_column_inner width=&#8220;1\/4&#8243;][\/vc_column_inner][vc_column_inner width=&#8220;1\/2&#8243;][vc_custom_heading text=&#8220;ERPIO Online Service&#8220; font_container=&#8220;tag:h2|text_align:left|color:%23ffffff&#8220; use_theme_fonts=&#8220;yes&#8220;][\/vc_column_inner][vc_column_inner width=&#8220;1\/4&#8243;][\/vc_column_inner][\/vc_row_inner][vc_separator color=&#8220;white&#8220;][vc_custom_heading text=&#8220;\u017div\u00e1 videoprezent\u00e1cia&#8220; font_container=&#8220;tag:h4|text_align:left|color:%231e73be&#8220; use_theme_fonts=&#8220;yes&#8220;][vc_row_inner][vc_column_inner width=&#8220;1\/4&#8243;][vc_single_image image=&#8220;2180&#8243; alignment=&#8220;center&#8220;][\/vc_column_inner][vc_column_inner width=&#8220;1\/2&#8243;][vc_column_text]Pozrite sa na kr\u00e1tku uk\u00e1\u017eku jednoduch\u00e9ho n\u00e1stroja pre servisn\u00fdch technikov a pracovn\u00edkov v ter\u00e9ne[\/vc_column_text][vc_custom_heading text=&#8220;Kon\u00e1 sa v stredu, 24. febru\u00e1ra 2021 o 13:00 hod.&#8220; font_container=&#8220;tag:h4|text_align:left|color:%231e73be&#8220; use_theme_fonts=&#8220;yes&#8220;][\/vc_column_inner][vc_column_inner width=&#8220;1\/4&#8243;][\/vc_column_inner][\/vc_row_inner][vc_separator color=&#8220;white&#8220;][vc_custom_heading text=&#8220;\u017div\u00e1&hellip; Read more","og_url":"https:\/\/erpio.one\/sk\/erpio-online-service-pozvanka\/","article_modified_time":"2021-02-17T20:57:24+00:00","twitter_card":"summary_large_image","twitter_misc":{"Predpokladan\u00fd \u010das \u010d\u00edtania":"3 min\u00faty"},"schema":{"@context":"https:\/\/schema.org","@graph":[{"@type":"WebPage","@id":"https:\/\/erpio.one\/sk\/erpio-online-service-pozvanka\/","url":"https:\/\/erpio.one\/sk\/erpio-online-service-pozvanka\/","name":"ERPIO Online Service &#8226;","isPartOf":{"@id":"https:\/\/erpio.one\/sk\/#website"},"datePublished":"2021-02-17T08:47:01+00:00","dateModified":"2021-02-17T20:57:24+00:00","breadcrumb":{"@id":"https:\/\/erpio.one\/sk\/erpio-online-service-pozvanka\/#breadcrumb"},"inLanguage":"sk-SK","potentialAction":[{"@type":"ReadAction","target":["https:\/\/erpio.one\/sk\/erpio-online-service-pozvanka\/"]}]},{"@type":"BreadcrumbList","@id":"https:\/\/erpio.one\/sk\/erpio-online-service-pozvanka\/#breadcrumb","itemListElement":[{"@type":"ListItem","position":1,"name":"Home","item":"https:\/\/erpio.one\/sk\/"},{"@type":"ListItem","position":2,"name":"ERPIO Online Service"}]},{"@type":"WebSite","@id":"https:\/\/erpio.one\/sk\/#website","url":"https:\/\/erpio.one\/sk\/","name":"ERPIO - Mobile ERP","description":"","publisher":{"@id":"https:\/\/erpio.one\/sk\/#organization"},"potentialAction":[{"@type":"SearchAction","target":{"@type":"EntryPoint","urlTemplate":"https:\/\/erpio.one\/sk\/?s={search_term_string}"},"query-input":{"@type":"PropertyValueSpecification","valueRequired":true,"valueName":"search_term_string"}}],"inLanguage":"sk-SK"},{"@type":"Organization","@id":"https:\/\/erpio.one\/sk\/#organization","name":"ERPIO","url":"https:\/\/erpio.one\/sk\/","logo":{"@type":"ImageObject","inLanguage":"sk-SK","@id":"https:\/\/erpio.one\/sk\/#\/schema\/logo\/image\/","url":"https:\/\/erpio.one\/wp-content\/uploads\/2018\/06\/erpio-one-ikona_av4_800x500_.png","contentUrl":"https:\/\/erpio.one\/wp-content\/uploads\/2018\/06\/erpio-one-ikona_av4_800x500_.png","width":800,"height":500,"caption":"ERPIO"},"image":{"@id":"https:\/\/erpio.one\/sk\/#\/schema\/logo\/image\/"}}]}},"_links":{"self":[{"href":"https:\/\/erpio.one\/sk\/wp-json\/wp\/v2\/pages\/9208","targetHints":{"allow":["GET"]}}],"collection":[{"href":"https:\/\/erpio.one\/sk\/wp-json\/wp\/v2\/pages"}],"about":[{"href":"https:\/\/erpio.one\/sk\/wp-json\/wp\/v2\/types\/page"}],"author":[{"embeddable":true,"href":"https:\/\/erpio.one\/sk\/wp-json\/wp\/v2\/users\/1"}],"replies":[{"embeddable":true,"href":"https:\/\/erpio.one\/sk\/wp-json\/wp\/v2\/comments?post=9208"}],"version-history":[{"count":9,"href":"https:\/\/erpio.one\/sk\/wp-json\/wp\/v2\/pages\/9208\/revisions"}],"predecessor-version":[{"id":10776,"href":"https:\/\/erpio.one\/sk\/wp-json\/wp\/v2\/pages\/9208\/revisions\/10776"}],"wp:attachment":[{"href":"https:\/\/erpio.one\/sk\/wp-json\/wp\/v2\/media?parent=9208"}],"curies":[{"name":"wp","href":"https:\/\/api.w.org\/{rel}","templated":true}]}}