{"id":2175,"date":"2020-04-04T17:30:27","date_gmt":"2020-04-04T16:30:27","guid":{"rendered":"https:\/\/erpio.one\/?page_id=2175"},"modified":"2023-06-09T10:29:27","modified_gmt":"2023-06-09T09:29:27","slug":"e1","status":"publish","type":"page","link":"https:\/\/erpio.one\/sk\/e1\/","title":{"rendered":"ERPIO produkty\u00a0"},"content":{"rendered":"<div  id=\"we-provide-integrations\" style=\"background-color: rgb(255, 255, 255); background-image: none;\" data-label=\"We provide integrations\" data-id=\"about-images-right-section-mc\" data-export-id=\"about-images-right-section-mc\" data-category=\"about\" class=\"about-images-right-section-mc content-section content-section-spacing\"><div  class=\"gridContainer\"> <div  class=\"row middle-sm text-center\"><div  class=\"col-sm-5 content-left-sm\" data-type=\"column\">  <img decoding=\"async\"  class=\"custom-image\" src=\"https:\/\/erpio.one\/wp-content\/uploads\/2020\/04\/icons8-slovakia-96.png\" alt=\"\" title=\"icons8-slovakia-96\"><h3  class=\"\"><span  style=\"color: rgb(155, 2, 2);\">\u010cO ROB\u00cdME ?<\/span><\/h3><h2  class=\"\">Poskytujeme a integrujeme modern\u00fd softv\u00e9r pre firemn\u00e9 potreby!<\/h2> <p  class=\"\">Tak ako n\u00e1\u0161 svet, aj technol\u00f3gie a d\u00e1ta s\u00fa rozmanit\u00e9.&nbsp;Nie je v\u0161ak nutn\u00e9 prech\u00e1dza\u0165 z jedn\u00e9ho rie\u0161enia k druh\u00e9mu z d\u00f4vodu ni\u017e\u0161ieho pracovn\u00e9ho komfortu alebo ch\u00fdbaj\u00facim funkci\u00e1m. Nov\u00e9 vlastnosti je mo\u017en\u00e9 doplni\u0165 prostredn\u00edctvom n\u00e1strojov od in\u00fdch v\u00fdrobcov. T\u00fdm sa vyhnete bolestivej migr\u00e1cii a m\u00f4\u017eete ju nahradi\u0165 integr\u00e1ciou.<br >\nJe ve\u013emi efekt\u00edvne kombinova\u0165 klasick\u00e9 informa\u010dn\u00e9 n\u00e1stroje, ktor\u00e9 ste v priebehu rokov vyladili, s modern\u00fdmi, ktor\u00e9 chcete pou\u017ei\u0165 pre v\u00e1\u0161 \u010fal\u0161\u00ed rozvoj. T\u00fdmto pr\u00edstupom m\u00f4\u017eete roz\u0161\u00edri\u0165 v\u00e1\u0161 firemn\u00fd informa\u010dn\u00fd syst\u00e9m v \u013eubovo\u013enej oblasti va\u0161ich aktiv\u00edt \u2026<\/p> <\/div> <div  class=\"col-sm-7 space-bottom-xs\"><div  class=\"image-group-side-3-img\"> <img decoding=\"async\"  class=\"topimg shadow-large\" src=\"https:\/\/erpio.one\/wp-content\/uploads\/2019\/09\/cropped-men-2425121_640.jpg\" alt=\"\" title=\"cropped-men-2425121_640.jpg\"> <img decoding=\"async\"  class=\"rightimg shadow-large\" src=\"https:\/\/erpio.one\/wp-content\/uploads\/2019\/09\/cropped-texture-1874580_1920.jpg\" alt=\"\" title=\"cropped-texture-1874580_1920.jpg\"> <div  class=\"leftimg\"> <img decoding=\"async\"  class=\"shadow-large\" src=\"https:\/\/erpio.one\/wp-content\/uploads\/2019\/09\/cropped-phone-869669_1280.jpg\" alt=\"\" title=\"cropped-phone-869669_1280.jpg\"><\/div> <\/div><\/div> <\/div><\/div> <\/div><div  id=\"solutions\" style=\"background-color: rgb(221, 221, 221); background-image: none;\" data-label=\"Solutions\" data-id=\"features-16-card-bordered-mc\" data-export-id=\"features-16-card-bordered-mc\" data-bullets-visibility=\"true\" data-category=\"features\" class=\"features-16-card-bordered-mc content-section content-section-spacing\"><div  class=\"gridContainer\"> <div  class=\"row text-center\"><div  class=\"section-title-col\" data-type=\"column\">   <h2  class=\"\"><span  style=\"font-weight: 300;\">Integrujte firemn\u00e9 syst\u00e9my s inovat\u00edvnymi aplik\u00e1ciami!<\/span><\/h2><p  class=\"lead\">Aplik\u00e1cie, ktor\u00e9 m\u00f4\u017eu roz\u0161\u00edri\u0165 v\u00e1\u0161 firemn\u00fd informa\u010dn\u00fd syst\u00e9m:<\/p><\/div> <\/div> <div  class=\"row spaced-cols\" data-type=\"row\"> <div  class=\"col-xs-12 col-sm-6 col-md-4\"><div  class=\"card no-padding bordered y-move\"> <img decoding=\"async\"  class=\"face\" src=\"https:\/\/erpio.one\/wp-content\/uploads\/2020\/12\/cropped-finmatics-6-2.jpg\" alt=\"\" title=\"cropped-finmatics-6-2.jpg\"> <div  data-type=\"column\" class=\"col-padding-small col-padding-small-xs description-container\"> <h4  class=\"font-500\"><a data-mce-href=\"https:\/\/abacus.ac\/en\/\" href=\"https:\/\/abacus.ac\/en\" target=\"_blank\" rel=\"noopener noreferrer\" data-mce-selected=\"inline-boundary\" data-cp-link=\"1\" class=\"\"><\/a>&nbsp;FINMATICS<\/h4><p  class=\"\">Automatiz\u00e1cia a zjednodu\u0161enie \u00fa\u010dtovn\u00fdch procesov. <span  style=\"font-weight: 600;\">FINMATICS<\/span> prin\u00e1\u0161a revol\u00faciu v spracovan\u00ed va\u0161ich fakt\u00far pomocou umelej inteligencie. Technol\u00f3gia \u010d\u00edta obsah fakt\u00far a in\u00fdch dokumentov, dop\u013a\u0148a \u00fa\u010dtovn\u00e9 akont\u00e1cie a uklad\u00e1 ich k za\u00fa\u010dtovaniu. Dokumenty poskytuje na schva\u013eovanie aj archiv\u00e1ciu v digit\u00e1lnej forme.<\/p> <a class=\"button color7 square\" href=\"https:\/\/erpio.one\/e1\/finmatics?lang=sk\" target=\"_self\" data-cp-link=\"1\" data-icon=\"\" rel=\"noopener noreferrer\">Produktov\u00e1 str\u00e1nka<\/a><\/div> <div  data-type=\"column\" class=\"col-padding-small col-padding-small-xs read-more-container\"><\/div> <\/div><\/div><div  class=\"col-xs-12 col-sm-6 col-md-4\"> <div  class=\"card no-padding bordered y-move\"> <img decoding=\"async\"  class=\"face\" src=\"https:\/\/erpio.one\/wp-content\/uploads\/2020\/12\/m-files-6.jpg\" alt=\"\" title=\"m-files-6\"> <div  data-type=\"column\" class=\"col-padding-small col-padding-small-xs description-container\"> <h4  class=\"font-500\">M-FILES<a data-mce-href=\"https:\/\/www.reportingdokapsy.cz\/\" href=\"https:\/\/www.reportingdokapsy.cz\" target=\"_blank\" rel=\"noopener noreferrer\" data-mce-selected=\"inline-boundary\" data-cp-link=\"1\" class=\"\"><\/a><\/h4> <p  class=\"\"><span  style=\"font-weight: 600;\">M-Files<\/span> je spo\u013eahliv\u00fd a bezpe\u010dn\u00fd dokument management syst\u00e9m. Poskytuje robustn\u00e9 spr\u00e1vu dokumentov pre ak\u00e9ko\u013evek podnikanie. <span  style=\"font-weight: 600;\">Integr\u00e1cia<\/span> s podnikov\u00fdm syst\u00e9mom poskytuje nelen prepojenie dokumentov s firemn\u00fdmi dokladmi, ale aj n\u00e1stroje pre automatiz\u00e1ciu pracovn\u00fdch postupov, ako schva\u013eovanie alebo riadenie.<\/p><a class=\"button color7 square\" href=\"https:\/\/erpio.one\/e1\/m-files?lang=sk\" target=\"_blank\" data-cp-link=\"1\" data-icon=\"\" rel=\"noopener noreferrer\">Produktov\u00e1 str\u00e1nka<\/a><\/div> <div  data-type=\"column\" class=\"col-padding-small col-padding-small-xs read-more-container\"><\/div> <\/div><\/div><div  class=\"col-xs-12 col-sm-6 col-md-4\"><div  class=\"card no-padding bordered y-move\"> <img decoding=\"async\"  class=\"face\" src=\"https:\/\/erpio.one\/wp-content\/uploads\/2019\/10\/cropped-mark-804938_1920-6.jpg\" alt=\"\" title=\"cropped-mark-804938_1920-6.jpg\"> <div  data-type=\"column\" class=\"col-padding-small col-padding-small-xs description-container\"> <h4  class=\"font-500\">MOBILE SERVICE<\/h4> <p  class=\"\"><span  style=\"font-weight: 600;\">Mobile Servis<\/span> zabezpe\u010d\u00ed mobiln\u00fd pr\u00edstup k firemn\u00fdm d\u00e1tam a poskytuje n\u00e1stroje pre elektronick\u00e9 vytv\u00e1ranie a podpisovanie servisn\u00fdch listov a ich odoslanie. Vyu\u017e\u00edva <span  style=\"font-weight: 600;\">Integra\u010dn\u00fa platformu ERPIO One<\/span> pre prepojenie s firemn\u00fdm informa\u010dn\u00fdm syst\u00e9mom.<\/p><a class=\"button force-shadow color-black square\" href=\"https:\/\/www.mobilnytechnik.sk\" target=\"_blank\" data-cp-link=\"1\" data-icon=\"\" rel=\"noopener noreferrer\">Produktov\u00e1 str\u00e1nka<\/a><\/div> <div  data-type=\"column\" class=\"col-padding-small col-padding-small-xs read-more-container\"><\/div> <\/div><\/div>  <div  class=\"col-xs-12 col-sm-6 col-md-4\"><div  class=\"card no-padding bordered y-move\"> <img decoding=\"async\"  class=\"face\" src=\"https:\/\/erpio.one\/wp-content\/uploads\/2020\/12\/corpis-maps-6.jpg\" alt=\"\" title=\"corpis-maps-6\"> <div  data-type=\"column\" class=\"col-padding-small col-padding-small-xs description-container\"> <h4  class=\"font-500\">CORPIS Analytical Maps<\/h4> <p  class=\"\"><span  style=\"font-weight: 600;\">Corpis Maps<\/span> je konfigurovate\u013en\u00e1 analytick\u00e1 mapov\u00e1 platforma pre anal\u00fdzu obchodn\u00fdch d\u00e1t. Je plne konfigurovate\u013en\u00e1 a integrovate\u013en\u00e1 s v\u00e4\u010d\u0161inou ERP a CRM aplik\u00e1ci\u00ed. <span  style=\"font-weight: 600;\">Connector<\/span> zabezpe\u010d\u00ed nielen agreg\u00e1ciu a prenos d\u00e1t, ale aj doplnenie geoloka\u010dn\u00fdch d\u00e1t.<\/p><a class=\"button color-black square\" href=\"https:\/\/www.corpismaps.com\" target=\"_blank\" data-cp-link=\"1\" data-icon=\"\" rel=\"noopener noreferrer\">Produktov\u00e1 str\u00e1nka<\/a><\/div> <div  data-type=\"column\" class=\"col-padding-small col-padding-small-xs read-more-container\"><\/div> <\/div><\/div><div  class=\"col-xs-12 col-sm-6 col-md-4\"> <div  class=\"card no-padding bordered y-move\"> <img decoding=\"async\"  class=\"face\" src=\"https:\/\/erpio.one\/wp-content\/uploads\/2020\/12\/rekap5.jpg\" alt=\"\" title=\"rekap5\"> <div  data-type=\"column\" class=\"col-padding-small col-padding-small-xs description-container\"> <h4  class=\"font-500\">Reporting do vrecka<a data-mce-href=\"https:\/\/www.reportingdokapsy.cz\/\" href=\"https:\/\/www.reportingdokapsy.cz\" target=\"_blank\" data-mce-selected=\"inline-boundary\" data-cp-link=\"1\" class=\"\" rel=\"noopener noreferrer\"><\/a><\/h4> <p  class=\"\">V\u010faka jednoduch\u00e9mu ovl\u00e1daniu, r\u00fdchlemu sprev\u00e1dzkovanie a vizion\u00e1rsk\u00e9mu pr\u00edstupu je <span  style=\"font-weight: 600;\">Reporting do vrecka<\/span> jedn\u00fdm z najlep\u0161\u00edch rie\u0161en\u00ed Business Intelligence. Prednastaven\u00e1 <span  style=\"font-weight: 600;\">D\u00e1tov\u00e1 pumpa<\/span> umo\u017en\u00ed r\u00fdchlu integr\u00e1ciu s va\u0161im \u00fa\u010dtovn\u00edctvom.<\/p><a class=\"button color-black square\" href=\"https:\/\/www.reportingdokapsy.cz\" target=\"_blank\" data-cp-link=\"1\" data-icon=\"\" rel=\"noopener noreferrer\">Produktov\u00e1 str\u00e1nka<\/a><\/div> <div  data-type=\"column\" class=\"col-padding-small col-padding-small-xs read-more-container\"><\/div> <\/div><\/div> <div  class=\"col-xs-12 col-sm-6 col-md-4\"><div  class=\"card no-padding bordered y-move\"> <img decoding=\"async\"  class=\"face\" src=\"https:\/\/erpio.one\/wp-content\/uploads\/2020\/12\/erpio-one-6c.jpg\" alt=\"\" title=\"erpio-one-6c\"> <div  data-type=\"column\" class=\"col-padding-small col-padding-small-xs description-container\"> <h4  class=\"font-500\">ERPIO One<\/h4><p  class=\"\"><span  style=\"font-weight: 600;\">Integra\u010dn\u00e1 platfoma<\/span> s ktorou m\u00f4\u017eete prep\u00e1ja\u0165 firemn\u00e9 aplik\u00e1cie a t\u00fdm roz\u0161irova\u0165 mo\u017enosti v\u00e1\u0161ho firemn\u00e9ho syst\u00e9mu. Spravova\u0165 prenos d\u00e1t medzi jednotliv\u00fdmi firemn\u00fdmi d\u00e1tov\u00fdmi zdrojmi mo\u017eno prostredn\u00edctvom webovej alebo mobilnej aplik\u00e1cie.<\/p> <a class=\"button color7 square\" href=\"https:\/\/erpio.one\/e1\/e1?lang=sk\" target=\"_self\" data-cp-link=\"1\" data-icon=\"\" rel=\"noopener noreferrer\">Produktov\u00e1 str\u00e1nka<\/a><\/div> <div  data-type=\"column\" class=\"col-padding-small col-padding-small-xs read-more-container\"><\/div> <\/div><\/div><\/div><\/div> <\/div><div  id=\"join-us\" style=\"background-color: rgb(229, 240, 244); background-image: none;\" data-label=\"Join us\" data-id=\"content-8-mc\" data-export-id=\"content-8-mc\" data-category=\"content\" class=\"content-8-mc content-section content-section-spacing content-relative\"><div  class=\"gridContainer\"> <div  class=\"row middle-sm\"><div  class=\"col-sm-6 space-bottom-xs space-top-xs\" data-type=\"column\"> <img decoding=\"async\"  class=\"shadow-large\" src=\"https:\/\/erpio.one\/wp-content\/themes\/highlight-pro\/child\/customizer\/sections\/images\/business-3560916_1920.jpg\"><\/div> <div  class=\"col-sm-6\" data-type=\"column\"><h2  class=\"\"><span  style=\"font-weight: 600;\">Kontaktujte n\u00e1s!<\/span> \n<br ><span  style=\"color: rgb(155, 2, 2); font-weight: 300;\">Je to len chv\u00ed\u013eka \u2026<\/span><\/h2> <p  class=\"\">Zameriavame sa na partnerstvo a spolupr\u00e1cu. S ka\u017edou novou integr\u00e1ciou vytv\u00e1rame \u0161tandardy, ktor\u00e9 je mo\u017en\u00e9 \u010falej pou\u017e\u00edva\u0165. Ak viete o potrebe zmysluplnej integr\u00e1cie d\u00e1t alebo chcete vysk\u00fa\u0161a\u0165 na\u0161e n\u00e1stroje, nev\u00e1hajte a nap\u00ed\u0161te n\u00e1m.<\/p> <a class=\"button color7 square\" href=\"https:\/\/erpio.one\/e1\/how-can-we-help-you-2021?lang=sk\" target=\"_self\" data-cp-link=\"1\" data-icon=\"fa-ticket\" rel=\"noopener noreferrer\">NAP\u00cd\u0160TE U\u017d TERAZ<\/a><\/div> <\/div><\/div> <\/div>","protected":false},"excerpt":{"rendered":"<p>\u010cO ROB\u00cdME ?Poskytujeme a integrujeme modern\u00fd softv\u00e9r pre firemn\u00e9 potreby! Tak ako n\u00e1\u0161 svet, aj technol\u00f3gie a d\u00e1ta s\u00fa rozmanit\u00e9.&nbsp;Nie je v\u0161ak nutn\u00e9 prech\u00e1dza\u0165 z jedn\u00e9ho rie\u0161enia k druh\u00e9mu z d\u00f4vodu ni\u017e\u0161ieho pracovn\u00e9ho komfortu alebo ch\u00fdbaj\u00facim funkci\u00e1m. Nov\u00e9 vlastnosti je mo\u017en\u00e9 doplni\u0165 prostredn\u00edctvom n\u00e1strojov od in\u00fdch v\u00fdrobcov. T\u00fdm sa vyhnete bolestivej migr\u00e1cii a m\u00f4\u017eete ju&hellip; <br \/> <a class=\"read-more\" href=\"https:\/\/erpio.one\/sk\/e1\/\">Read more<\/a><\/p>\n","protected":false},"author":1,"featured_media":0,"parent":0,"menu_order":0,"comment_status":"closed","ping_status":"closed","template":"pro\/page-templates\/full-width-page.php","meta":{"content-type":"","footnotes":"","_links_to":"","_links_to_target":""},"class_list":["post-2175","page","type-page","status-publish","hentry"],"yoast_head":"<!-- This site is optimized with the Yoast SEO plugin v26.3 - https:\/\/yoast.com\/wordpress\/plugins\/seo\/ -->\n<title>ERPIO produkty\u00a0 &#8226;<\/title>\n<meta name=\"robots\" content=\"index, follow, max-snippet:-1, max-image-preview:large, max-video-preview:-1\" \/>\n<link rel=\"canonical\" href=\"https:\/\/erpio.one\/sk\/e1\/\" \/>\n<meta property=\"og:locale\" content=\"sk_SK\" \/>\n<meta property=\"og:type\" content=\"article\" \/>\n<meta property=\"og:title\" content=\"ERPIO produkty\u00a0 &#8226;\" \/>\n<meta property=\"og:description\" content=\"\u010cO ROB\u00cdME ?Poskytujeme a integrujeme modern\u00fd softv\u00e9r pre firemn\u00e9 potreby! Tak ako n\u00e1\u0161 svet, aj technol\u00f3gie a d\u00e1ta s\u00fa rozmanit\u00e9.&nbsp;Nie je v\u0161ak nutn\u00e9 prech\u00e1dza\u0165 z jedn\u00e9ho rie\u0161enia k druh\u00e9mu z d\u00f4vodu ni\u017e\u0161ieho pracovn\u00e9ho komfortu alebo ch\u00fdbaj\u00facim funkci\u00e1m. Nov\u00e9 vlastnosti je mo\u017en\u00e9 doplni\u0165 prostredn\u00edctvom n\u00e1strojov od in\u00fdch v\u00fdrobcov. T\u00fdm sa vyhnete bolestivej migr\u00e1cii a m\u00f4\u017eete ju&hellip; Read more\" \/>\n<meta property=\"og:url\" content=\"https:\/\/erpio.one\/sk\/e1\/\" \/>\n<meta property=\"article:modified_time\" content=\"2023-06-09T09:29:27+00:00\" \/>\n<meta property=\"og:image\" content=\"https:\/\/erpio.one\/wp-content\/uploads\/2020\/04\/icons8-slovakia-96.png\" \/>\n<meta name=\"twitter:card\" content=\"summary_large_image\" \/>\n<meta name=\"twitter:label1\" content=\"Predpokladan\u00fd \u010das \u010d\u00edtania\" \/>\n\t<meta name=\"twitter:data1\" content=\"3 min\u00faty\" \/>\n<script type=\"application\/ld+json\" class=\"yoast-schema-graph\">{\"@context\":\"https:\/\/schema.org\",\"@graph\":[{\"@type\":\"WebPage\",\"@id\":\"https:\/\/erpio.one\/sk\/e1\/\",\"url\":\"https:\/\/erpio.one\/sk\/e1\/\",\"name\":\"ERPIO produkty\u00a0 &#8226;\",\"isPartOf\":{\"@id\":\"https:\/\/erpio.one\/sk\/#website\"},\"primaryImageOfPage\":{\"@id\":\"https:\/\/erpio.one\/sk\/e1\/#primaryimage\"},\"image\":{\"@id\":\"https:\/\/erpio.one\/sk\/e1\/#primaryimage\"},\"thumbnailUrl\":\"https:\/\/erpio.one\/wp-content\/uploads\/2020\/04\/icons8-slovakia-96.png\",\"datePublished\":\"2020-04-04T16:30:27+00:00\",\"dateModified\":\"2023-06-09T09:29:27+00:00\",\"breadcrumb\":{\"@id\":\"https:\/\/erpio.one\/sk\/e1\/#breadcrumb\"},\"inLanguage\":\"sk-SK\",\"potentialAction\":[{\"@type\":\"ReadAction\",\"target\":[\"https:\/\/erpio.one\/sk\/e1\/\"]}]},{\"@type\":\"ImageObject\",\"inLanguage\":\"sk-SK\",\"@id\":\"https:\/\/erpio.one\/sk\/e1\/#primaryimage\",\"url\":\"https:\/\/erpio.one\/wp-content\/uploads\/2020\/04\/icons8-slovakia-96.png\",\"contentUrl\":\"https:\/\/erpio.one\/wp-content\/uploads\/2020\/04\/icons8-slovakia-96.png\"},{\"@type\":\"BreadcrumbList\",\"@id\":\"https:\/\/erpio.one\/sk\/e1\/#breadcrumb\",\"itemListElement\":[{\"@type\":\"ListItem\",\"position\":1,\"name\":\"Home\",\"item\":\"https:\/\/erpio.one\/sk\/\"},{\"@type\":\"ListItem\",\"position\":2,\"name\":\"ERPIO produkty\u00a0\"}]},{\"@type\":\"WebSite\",\"@id\":\"https:\/\/erpio.one\/sk\/#website\",\"url\":\"https:\/\/erpio.one\/sk\/\",\"name\":\"ERPIO - Mobile ERP\",\"description\":\"\",\"publisher\":{\"@id\":\"https:\/\/erpio.one\/sk\/#organization\"},\"potentialAction\":[{\"@type\":\"SearchAction\",\"target\":{\"@type\":\"EntryPoint\",\"urlTemplate\":\"https:\/\/erpio.one\/sk\/?s={search_term_string}\"},\"query-input\":{\"@type\":\"PropertyValueSpecification\",\"valueRequired\":true,\"valueName\":\"search_term_string\"}}],\"inLanguage\":\"sk-SK\"},{\"@type\":\"Organization\",\"@id\":\"https:\/\/erpio.one\/sk\/#organization\",\"name\":\"ERPIO\",\"url\":\"https:\/\/erpio.one\/sk\/\",\"logo\":{\"@type\":\"ImageObject\",\"inLanguage\":\"sk-SK\",\"@id\":\"https:\/\/erpio.one\/sk\/#\/schema\/logo\/image\/\",\"url\":\"https:\/\/erpio.one\/wp-content\/uploads\/2018\/06\/erpio-one-ikona_av4_800x500_.png\",\"contentUrl\":\"https:\/\/erpio.one\/wp-content\/uploads\/2018\/06\/erpio-one-ikona_av4_800x500_.png\",\"width\":800,\"height\":500,\"caption\":\"ERPIO\"},\"image\":{\"@id\":\"https:\/\/erpio.one\/sk\/#\/schema\/logo\/image\/\"}}]}<\/script>\n<!-- \/ Yoast SEO plugin. -->","yoast_head_json":{"title":"ERPIO produkty\u00a0 &#8226;","robots":{"index":"index","follow":"follow","max-snippet":"max-snippet:-1","max-image-preview":"max-image-preview:large","max-video-preview":"max-video-preview:-1"},"canonical":"https:\/\/erpio.one\/sk\/e1\/","og_locale":"sk_SK","og_type":"article","og_title":"ERPIO produkty\u00a0 &#8226;","og_description":"\u010cO ROB\u00cdME ?Poskytujeme a integrujeme modern\u00fd softv\u00e9r pre firemn\u00e9 potreby! Tak ako n\u00e1\u0161 svet, aj technol\u00f3gie a d\u00e1ta s\u00fa rozmanit\u00e9.&nbsp;Nie je v\u0161ak nutn\u00e9 prech\u00e1dza\u0165 z jedn\u00e9ho rie\u0161enia k druh\u00e9mu z d\u00f4vodu ni\u017e\u0161ieho pracovn\u00e9ho komfortu alebo ch\u00fdbaj\u00facim funkci\u00e1m. Nov\u00e9 vlastnosti je mo\u017en\u00e9 doplni\u0165 prostredn\u00edctvom n\u00e1strojov od in\u00fdch v\u00fdrobcov. T\u00fdm sa vyhnete bolestivej migr\u00e1cii a m\u00f4\u017eete ju&hellip; Read more","og_url":"https:\/\/erpio.one\/sk\/e1\/","article_modified_time":"2023-06-09T09:29:27+00:00","og_image":[{"url":"https:\/\/erpio.one\/wp-content\/uploads\/2020\/04\/icons8-slovakia-96.png","type":"","width":"","height":""}],"twitter_card":"summary_large_image","twitter_misc":{"Predpokladan\u00fd \u010das \u010d\u00edtania":"3 min\u00faty"},"schema":{"@context":"https:\/\/schema.org","@graph":[{"@type":"WebPage","@id":"https:\/\/erpio.one\/sk\/e1\/","url":"https:\/\/erpio.one\/sk\/e1\/","name":"ERPIO produkty\u00a0 &#8226;","isPartOf":{"@id":"https:\/\/erpio.one\/sk\/#website"},"primaryImageOfPage":{"@id":"https:\/\/erpio.one\/sk\/e1\/#primaryimage"},"image":{"@id":"https:\/\/erpio.one\/sk\/e1\/#primaryimage"},"thumbnailUrl":"https:\/\/erpio.one\/wp-content\/uploads\/2020\/04\/icons8-slovakia-96.png","datePublished":"2020-04-04T16:30:27+00:00","dateModified":"2023-06-09T09:29:27+00:00","breadcrumb":{"@id":"https:\/\/erpio.one\/sk\/e1\/#breadcrumb"},"inLanguage":"sk-SK","potentialAction":[{"@type":"ReadAction","target":["https:\/\/erpio.one\/sk\/e1\/"]}]},{"@type":"ImageObject","inLanguage":"sk-SK","@id":"https:\/\/erpio.one\/sk\/e1\/#primaryimage","url":"https:\/\/erpio.one\/wp-content\/uploads\/2020\/04\/icons8-slovakia-96.png","contentUrl":"https:\/\/erpio.one\/wp-content\/uploads\/2020\/04\/icons8-slovakia-96.png"},{"@type":"BreadcrumbList","@id":"https:\/\/erpio.one\/sk\/e1\/#breadcrumb","itemListElement":[{"@type":"ListItem","position":1,"name":"Home","item":"https:\/\/erpio.one\/sk\/"},{"@type":"ListItem","position":2,"name":"ERPIO produkty\u00a0"}]},{"@type":"WebSite","@id":"https:\/\/erpio.one\/sk\/#website","url":"https:\/\/erpio.one\/sk\/","name":"ERPIO - Mobile ERP","description":"","publisher":{"@id":"https:\/\/erpio.one\/sk\/#organization"},"potentialAction":[{"@type":"SearchAction","target":{"@type":"EntryPoint","urlTemplate":"https:\/\/erpio.one\/sk\/?s={search_term_string}"},"query-input":{"@type":"PropertyValueSpecification","valueRequired":true,"valueName":"search_term_string"}}],"inLanguage":"sk-SK"},{"@type":"Organization","@id":"https:\/\/erpio.one\/sk\/#organization","name":"ERPIO","url":"https:\/\/erpio.one\/sk\/","logo":{"@type":"ImageObject","inLanguage":"sk-SK","@id":"https:\/\/erpio.one\/sk\/#\/schema\/logo\/image\/","url":"https:\/\/erpio.one\/wp-content\/uploads\/2018\/06\/erpio-one-ikona_av4_800x500_.png","contentUrl":"https:\/\/erpio.one\/wp-content\/uploads\/2018\/06\/erpio-one-ikona_av4_800x500_.png","width":800,"height":500,"caption":"ERPIO"},"image":{"@id":"https:\/\/erpio.one\/sk\/#\/schema\/logo\/image\/"}}]}},"_links":{"self":[{"href":"https:\/\/erpio.one\/sk\/wp-json\/wp\/v2\/pages\/2175","targetHints":{"allow":["GET"]}}],"collection":[{"href":"https:\/\/erpio.one\/sk\/wp-json\/wp\/v2\/pages"}],"about":[{"href":"https:\/\/erpio.one\/sk\/wp-json\/wp\/v2\/types\/page"}],"author":[{"embeddable":true,"href":"https:\/\/erpio.one\/sk\/wp-json\/wp\/v2\/users\/1"}],"replies":[{"embeddable":true,"href":"https:\/\/erpio.one\/sk\/wp-json\/wp\/v2\/comments?post=2175"}],"version-history":[{"count":21,"href":"https:\/\/erpio.one\/sk\/wp-json\/wp\/v2\/pages\/2175\/revisions"}],"predecessor-version":[{"id":14878,"href":"https:\/\/erpio.one\/sk\/wp-json\/wp\/v2\/pages\/2175\/revisions\/14878"}],"wp:attachment":[{"href":"https:\/\/erpio.one\/sk\/wp-json\/wp\/v2\/media?parent=2175"}],"curies":[{"name":"wp","href":"https:\/\/api.w.org\/{rel}","templated":true}]}}