{"id":14534,"date":"2023-05-25T08:03:36","date_gmt":"2023-05-25T07:03:36","guid":{"rendered":"https:\/\/erpio.one\/?page_id=14534"},"modified":"2023-05-31T11:11:12","modified_gmt":"2023-05-31T10:11:12","slug":"erpio-signlite","status":"publish","type":"page","link":"https:\/\/erpio.one\/sk\/erpio-signlite\/","title":{"rendered":"ERPIO SignLite"},"content":{"rendered":"<div  data-label=\"Content\" data-id=\"content--1\" data-export-id=\"content-8-mc\" data-category=\"content\" class=\"content-8-mc content-section content-section-spacing\" id=\"content-1\" style=\"background-color: rgb(245, 250, 253);\"><div  class=\"gridContainer\"> <div  class=\"row middle-sm\"><div  class=\"col-sm-6 space-bottom-xs space-top-xs\" data-type=\"column\"> <img decoding=\"async\"  class=\"shadow-large\" src=\"https:\/\/erpio.one\/wp-content\/uploads\/2023\/05\/ERPIO-Sign-v1.jpg\" title=\"ERPIO Sign-v1\" alt=\"\"><\/div> <div  class=\"col-sm-6\" data-type=\"column\"><h2  class=\"\">Jednoduch\u00e9 a r\u00fdchle digit\u00e1lne podpisovanie pre ka\u017ed\u00e9ho\u2026<\/h2> <p  class=\"lead\">Prejdite na digit\u00e1lne podpisovanie a u\u0161etrite svoj \u010das aj peniaze. Navy\u0161e budete ma\u0165 v\u0161etky digit\u00e1lne podp\u00edsan\u00e9 dokumenty st\u00e1le pri sebe a<span style=\"font-weight: 600;\" > SingLite<\/span> v\u00e1s bude informova\u0165 o d\u00f4le\u017eit\u00fdch term\u00ednoch a stavoch.<\/p><p  class=\"\">Pozrite sa ako to funguje <span style=\"font-weight: 600;\" >(DEMO)<\/span> alebo bezplatne vytvorte a odo\u0161lite na podpis \u013eubovo\u013en\u00fa zmluvu <span style=\"font-weight: 600;\" >(TRIAL).<\/span><\/p> <a class=\"button color11\" href=\"#demo\" target=\"_self\" data-cp-link=\"1\" data-icon=\"\" rel=\"noopener\">DEMO<\/a><a class=\"button color11\" href=\"#trial\" target=\"_self\" data-cp-link=\"1\" data-icon=\"\" rel=\"noopener\">TRIAL<\/a><a class=\"button color11\" href=\"#cena\" target=\"_self\" data-cp-link=\"1\" data-icon=\"\" rel=\"noopener\">CENA<\/a><\/div> <\/div><\/div> <\/div><div  data-label=\"Overlappable\" data-id=\"overlappable--1\" data-export-id=\"overlappable-3\" data-category=\"overlappable\" class=\"overlappable-3 content-section content-section-spacing\" data-overlap=\"true\" id=\"overlappable-1\" style=\"background-color: rgb(255, 255, 255);\"><div  class=\"gridContainer\"> <div  class=\"row bg-color-white shadow-medium\"><div  class=\"col-xs-12 col-sm-6 image-col first-image-col\" data-bg=\"image\" style=\"background-image: url(&quot;https:\/\/erpio.one\/wp-content\/uploads\/2023\/05\/cropped-Sign-all-templates-v1.jpg&quot;);\"><\/div> <div  class=\"col-xs-12 col-sm-6 content-col col-padding col-padding-xs\"> <div  class=\"col-padding\" data-type=\"column\"> <h4  class=\"\">INTEGROVAN\u00dd EDITOR DOKUMENTOV A \u0160ABL\u00d3N<\/h4> <p  class=\"\">&nbsp;Zmluvu m\u00f4\u017eete v editore vytvori\u0165 a priamo odosla\u0165 na podpis alebo si m\u00f4\u017eete vytvori\u0165 \u0161abl\u00f3nu na opakovan\u00e9 pou\u017eitie pre r\u00f4zne protistrany. V \u0161abl\u00f3ne pou\u017e\u00edvate \u201ck\u013e\u00fa\u010dov\u00e9 slov\u00e1\u201d, ako premenn\u00e9, ktor\u00e9 pri gener\u00e1cii zmluvy zo \u0161abl\u00f3ny automaticky doplnia v\u0161etky po\u017eadovan\u00e9 inform\u00e1cie. Pozrite sa na pr\u00edklad \u0161abl\u00f3ny.<\/p> <a class=\"button color11\" href=\"https:\/\/erpio.one\/wp-content\/uploads\/2023\/05\/SignLite-sablona-NDA23.pdf\" target=\"_blank\" data-cp-link=\"1\" data-icon=\"fa-file-pdf-o\" rel=\"noopener\">\u0160ABL\u00d3NA \u2013 PR\u00cdKLAD<\/a><\/div> <\/div><\/div> <div  class=\"row bg-color-white shadow-medium\"><div  class=\"col-xs-12 col-sm-6 content-col col-padding col-padding-xs\"> <div  class=\"col-padding\" data-type=\"column\"><h4  class=\"\">V\u0160ETKY DOKUMENTY ST\u00c1LE V DOSAHU<\/h4> <p  class=\"\">&nbsp;Zmluvy si m\u00f4\u017eete pripravi\u0165 a odosla\u0165 na podpis, a\u017e v stanoven\u00fd de\u0148 a st\u00e1le m\u00e1te preh\u013ead o pripraven\u00fdch, odoslan\u00fdch, podp\u00edsan\u00fdch a zamietnut\u00fdch zmluv\u00e1ch. SignLite v\u00e1m poskytuje aktu\u00e1lne inform\u00e1cie o stave a po\u010dte va\u0161ich dokumentov.<\/p> <a class=\"button color11\" href=\"#\" target=\"_self\" data-cp-link=\"1\" data-icon=\"\" rel=\"noopener\">PODP\u00cdSAN\u00dd DOKUMENT \u2013 PR\u00cdKLAD <\/a><\/div> <\/div> <div  class=\"col-xs-12 col-sm-6 image-col second-image-col first-xs last-sm\" data-bg=\"image\" style=\"background-image: url(&quot;https:\/\/erpio.one\/wp-content\/uploads\/2023\/05\/cropped-Sign-documents-are-signed-v2.jpg&quot;);\"><\/div> <\/div><\/div> <\/div><div  data-label=\"Demo\" data-id=\"content--2\" data-export-id=\"content-8-mc\" data-category=\"content\" class=\"content-8-mc content-section content-section-spacing\" id=\"demo\" style=\"background-color: rgb(245, 250, 253); background-image: none;\"><div  class=\"gridContainer\"><div  data-section-title-area=\"true\" class=\"row text-center\">   <div  class=\"section-title-col\" data-type=\"column\">       <h2  class=\"\">DEMO<\/h2>          <\/div><\/div> <div  class=\"row middle-sm\"><div  class=\"col-sm-6 space-bottom-xs space-top-xs\" data-type=\"column\"> <img decoding=\"async\"  class=\"shadow-large\" src=\"https:\/\/erpio.one\/wp-content\/uploads\/2023\/05\/ESL-moje-dokumenty-1.jpg\" title=\"ESL-moje dokumenty-1\" alt=\"\"><\/div> <div  class=\"col-sm-6\" data-type=\"column\"> <h3  class=\"\">Pozrite sa ako to funguje<\/h3><p  class=\"\">Pre pr\u00edstup do ERPIO SignLite zadajte:<br >U\u017e\u00edvate\u013esk\u00e9 meno:&nbsp;&nbsp; <span  style=\"font-weight: 600; color: rgb(0, 128, 0);\">demo@esl.cz<\/span><br >&nbsp; &nbsp; &nbsp; &nbsp; &nbsp; &nbsp; &nbsp; &nbsp; &nbsp; &nbsp;&nbsp;&nbsp; Heslo:&nbsp; &nbsp;<span  style=\"font-weight: 600; color: rgb(0, 128, 0);\">Demo2023<\/span>&nbsp;<\/p> <a class=\"button color11\" href=\"https:\/\/web.erpio.app\" target=\"_blank\" data-cp-link=\"1\" data-icon=\"\" rel=\"noopener\">SPUSTITE APLIK\u00c1CIU TU\u2026<\/a><p  class=\"\">&nbsp;Aplik\u00e1cia bude spusten\u00e1 vo va\u0161om webovom prehliada\u010di. Zadajte u\u017e\u00edvate\u013esk\u00e9 meno a heslo a m\u00f4\u017eete prezera\u0165. V pr\u00edpade, \u017ee chcete vysk\u00fa\u0161a\u0165 EOS Lite v prostred\u00ed mobilnej aplik\u00e1cie ERPIO App, m\u00f4\u017eete si ju nain\u0161talova\u0165 a spusti\u0165 s rovnak\u00fdmi prihlasovac\u00edmi \u00fadajmi.<\/p><a class=\"button color7\" href=\"https:\/\/help.erpio.one\/erpio-app\" target=\"_blank\" data-cp-link=\"1\" data-icon=\"\" rel=\"noopener\">NAIN\u0160TALUJTE SI MOBILN\u00da APLIK\u00c1CIU ERPIO APP<\/a><\/div> <\/div><\/div> <\/div><div  data-label=\"Trial\" data-id=\"content--3\" data-export-id=\"content-7-mc\" data-category=\"content\" class=\"content-7-mc content-section content-section-spacing\" id=\"trial\" style=\"background-color: rgb(255, 255, 255);\"><div  class=\"gridContainer\"><div  data-section-title-area=\"true\" class=\"row text-center\">   <div  class=\"section-title-col\" data-type=\"column\">       <h2  class=\"\">TRIAL<\/h2>          <\/div><\/div> <div  class=\"row middle-sm\"><div  class=\"col-sm-6 space-bottom-xs\" data-type=\"column\">  <h3  class=\"\">Bezplatne vytvorte a odo\u0161lite na podpis<\/h3><p  class=\"\">&nbsp;TRIAL verzia je plnohodnotn\u00e1 aplik\u00e1cia, v ktorej m\u00f4\u017eete vytv\u00e1ra\u0165 a podpisova\u0165 va\u0161e zmluvy. Aby ka\u017ed\u00fd u\u017e\u00edvate\u013e videl len vlastn\u00e9 d\u00e1ta a dokumenty, mus\u00ed ma\u0165 aj vlastn\u00e9 pr\u00edstupov\u00e9 \u00fadaje.<\/p> <a class=\"button color11\" href=\"https:\/\/erpio.one\/signlite-trial\" target=\"_blank\" data-cp-link=\"1\" data-icon=\"\" rel=\"noopener\">PO\u017dIADAJTE O PR\u00cdSTUPOV\u00c9 \u00daDAJE<\/a><\/div> <div  class=\"col-sm-6\" data-type=\"column\"> <img decoding=\"async\"  class=\"shadow-large\" src=\"https:\/\/erpio.one\/wp-content\/uploads\/2023\/05\/Trial-1.jpg\" title=\"Trial-1\" alt=\"\"><\/div> <\/div><\/div> <\/div><div  data-label=\"Cena\" data-id=\"pricing--1\" data-export-id=\"pricing-3\" data-category=\"pricing\" data-featured-class=\"pricing-featured\" class=\"pricing-3 content-section content-section-spacing\" id=\"cena\" style=\"background-color: rgb(245, 250, 253);\"><div  class=\"gridContainer\"><div  data-section-title-area=\"true\" class=\"row text-center\">   <div  class=\"section-title-col\" data-type=\"column\">       <h2  class=\"\">CENA<\/h2>          <\/div><\/div> <div  class=\"row middle-sm\"><div  class=\"col-xs-12 col-sm-4 col-padding-xs\" data-type=\"column\"> <h2  class=\"\">Vyberte si pl\u00e1n<\/h2> <p  class=\"lead\">V pl\u00e1ne<span style=\"font-weight: 400;\" > PRIEBE\u017dN\u00dd<\/span>, plat\u00edte sp\u00e4tne za predch\u00e1dzaj\u00faci mesiac po\u010det podp\u00edsan\u00fdch ob\u00e1lok. V pl\u00e1ne <span style=\"font-weight: 400;\" >DEFINOVAN\u00dd<\/span> si uhrad\u00edte vopred definovan\u00fd po\u010det ob\u00e1lok a podpisujete a\u017e do ich vy\u010derpania.<br >\n<span style=\"font-weight: 400;\" >Ob\u00e1lka<\/span> je \u201cbal\u00ed\u010dek pozost\u00e1vaj\u00faci z jedn\u00e9ho alebo viacer\u00fdch dokumentov\u201d \u2013 zmluva a jej pr\u00edlohy, ktor\u00e9 sa zasielaj\u00fa na podpis s\u00fa\u010dasne.<\/p><\/div> <div  class=\"col-xs-12 col-sm-8\"><div  class=\"row middle-sm spaced-cols\" data-type=\"row\"> <div  data-default=\"no-class\" data-featured=\"shadow-large\" class=\"col-xs-12 col-sm-6 card-replacer text-center pos-rel\"><div  class=\"top-right-triangle color2\" data-fixed=\"true\"><\/div> <h5  class=\"upper\">priebe\u017en\u00fd<\/h5> <i  class=\"fa icon round-background fa-umbrella reverse round big color11\"><\/i> <h3  class=\"h1\">1 \u20ac<\/h3> <p  data-default=\"color1\" data-featured=\"color2\" class=\"small color1\"><span  style=\"color: rgb(0, 128, 0);\">za jednu ob\u00e1lku<\/span><\/p>  <a data-default=\"color1\" data-featured=\"color2\" class=\"button upper y-move color11\" href=\"https:\/\/erpio.one\/signlite-trial\" target=\"_blank\" data-cp-link=\"1\" data-icon=\"\" rel=\"noopener\">Objedna\u0165<\/a><\/div> <div  data-default=\"no-class\" data-featured=\"shadow-large\" class=\"col-xs-12 col-sm-6 card-replacer text-center pos-rel\"><div  class=\"top-right-triangle color2\" data-fixed=\"true\"><\/div> <h5  class=\"upper\">definovan\u00fd<\/h5> <i  class=\"fa icon round-background fa-anchor reverse round big color11\"><\/i> <h3  class=\"h1\">92 \u20ac<\/h3> <p  data-default=\"color1\" data-featured=\"color2\" class=\"small color1\"><span  style=\"color: rgb(0, 128, 0);\">za 100 ob\u00e1lok<\/span><\/p>  <a data-default=\"color1\" data-featured=\"color2\" class=\"button upper y-move color11\" href=\"https:\/\/erpio.one\/signlite-trial\" target=\"_blank\" data-cp-link=\"1\" data-icon=\"\" rel=\"noopener\">OBJEDNA\u0165<\/a><\/div> <\/div><\/div> <\/div><\/div> <\/div><div  data-label=\"Content\" data-id=\"content--4\" data-export-id=\"content-7-mc\" data-category=\"content\" class=\"content-7-mc content-section content-section-spacing\" id=\"content-2\" style=\"background-color: rgb(255, 255, 255);\"><div  class=\"gridContainer\"> <div  class=\"row middle-sm\"><div  class=\"col-sm-6 space-bottom-xs\" data-type=\"column\"> <h2  class=\"\">SignLite a SignProfi \u2013 dve slu\u017eby na rovnakom z\u00e1klade<\/h2> <p  class=\"\">Z\u00e1kladn\u00fd rozdiel spo\u010d\u00edva v integr\u00e1cii digit\u00e1lneho podpisovania na firemn\u00e9 procesy. Nadviazanie podpisovania na aktivity prebiehaj\u00face v podnikovom ERP, ako s\u00fa objedn\u00e1vky, obchodn\u00e9 aktivity, person\u00e1lna alebo mzdov\u00e1 agenda prin\u00e1\u0161a v\u00fdznamn\u00e9 zjednodu\u0161enie pr\u00e1ce odborn\u00fdm pracovn\u00edkom a odstr\u00e1nen\u00edm papierov\u00fdch origin\u00e1lov aj zna\u010dn\u00e9 n\u00e1klady na ich archiv\u00e1ciu. Na rie\u0161enie tak\u00fdchto po\u017eiadaviek je pripraven\u00fd <span style=\"font-weight: 600;\" >SignProfi.<\/span><br >&nbsp;<br >Na druhej strane, tam kde integr\u00e1cia na informa\u010dn\u00e9 syst\u00e9my nie je nevyhnutn\u00e1, je mo\u017en\u00e9 pou\u017ei\u0165 prednastaven\u00e9 rie\u0161enie<span style=\"font-weight: 600;\" > SignLite<\/span>, ktor\u00e9 je mo\u017en\u00e9 priebe\u017ene roz\u0161irova\u0165 a upravova\u0165, tak ako rast\u00fa firemn\u00e9 potreby.<\/p> <\/div> <div  class=\"col-sm-6\" data-type=\"column\"> <img decoding=\"async\"  class=\"shadow-large\" src=\"https:\/\/erpio.one\/wp-content\/uploads\/2023\/05\/ERPIO-Signing-v1.jpg\" title=\"ERPIO Signing-v1\" alt=\"\"><\/div> <\/div><\/div> <\/div><div  data-label=\"Cta\" data-id=\"cta--1\" data-export-id=\"cta-blue-section-mc\" data-category=\"cta\" class=\"cta-blue-section-mc content-section content-section-spacing white-text\" id=\"cta-1\" style=\"background-color: rgb(245, 250, 253); background-image: none;\"><div  class=\"gridContainer\"> <div  class=\"row middle-xs\"><div  class=\"col-sm-8 space-bottom-xs\" data-type=\"column\">  <img decoding=\"async\"  class=\"custom-image\" src=\"https:\/\/erpio.one\/wp-content\/uploads\/2023\/05\/ESL-sipka-zelena-mala.png\" title=\"ESL-\u0161ipka-zelen\u00e1-mal\u00e1\" alt=\"\"><\/div> <div  class=\"col-sm-4 end-sm\" data-type=\"column\"><h3  class=\"\"><span  style=\"color: rgb(52, 58, 64);\">&nbsp;Potrebujete digit\u00e1lne podpisova\u0165<br >\nalebo integrova\u0165 podpisovanie s va\u0161im firemn\u00fdm syst\u00e9mom?<\/span><\/h3><p  class=\"lead\"><span style=\"color: rgb(52, 58, 64);\" >Nap\u00ed\u0161te n\u00e1m, slovensky alebo \u010desky, prostredn\u00edctvom webov\u00e9ho formul\u00e1ra&#8230;<\/span><\/p> <a class=\"button color11\" href=\"https:\/\/erpio.one\/sk\/erpio-signing\" target=\"_self\" data-cp-link=\"1\" data-icon=\"\" rel=\"noopener\">SP\u00c4\u0164 NA ERPIO PODEPISOVANIE<\/a><\/div> <\/div><\/div> <\/div>","protected":false},"excerpt":{"rendered":"<p>Jednoduch\u00e9 a r\u00fdchle digit\u00e1lne podpisovanie pre ka\u017ed\u00e9ho\u2026 Prejdite na digit\u00e1lne podpisovanie a u\u0161etrite svoj \u010das aj peniaze. Navy\u0161e budete ma\u0165 v\u0161etky digit\u00e1lne podp\u00edsan\u00e9 dokumenty st\u00e1le pri sebe a SingLite v\u00e1s bude informova\u0165 o d\u00f4le\u017eit\u00fdch term\u00ednoch a stavoch.Pozrite sa ako to funguje (DEMO) alebo bezplatne vytvorte a odo\u0161lite na podpis \u013eubovo\u013en\u00fa zmluvu (TRIAL). DEMOTRIALCENA INTEGROVAN\u00dd EDITOR&hellip; <br \/> <a class=\"read-more\" href=\"https:\/\/erpio.one\/sk\/erpio-signlite\/\">Read more<\/a><\/p>\n","protected":false},"author":1,"featured_media":14274,"parent":0,"menu_order":0,"comment_status":"closed","ping_status":"closed","template":"pro\/page-templates\/full-width-page.php","meta":{"content-type":"","footnotes":"","_links_to":"","_links_to_target":""},"class_list":["post-14534","page","type-page","status-publish","has-post-thumbnail","hentry"],"yoast_head":"<!-- This site is optimized with the Yoast SEO plugin v26.3 - https:\/\/yoast.com\/wordpress\/plugins\/seo\/ -->\n<title>ERPIO SignLite &#8226;<\/title>\n<meta name=\"robots\" content=\"index, follow, max-snippet:-1, max-image-preview:large, max-video-preview:-1\" \/>\n<link rel=\"canonical\" href=\"https:\/\/erpio.one\/sk\/erpio-signlite\/\" \/>\n<meta property=\"og:locale\" content=\"sk_SK\" \/>\n<meta property=\"og:type\" content=\"article\" \/>\n<meta property=\"og:title\" content=\"ERPIO SignLite &#8226;\" \/>\n<meta property=\"og:description\" content=\"Jednoduch\u00e9 a r\u00fdchle digit\u00e1lne podpisovanie pre ka\u017ed\u00e9ho\u2026 Prejdite na digit\u00e1lne podpisovanie a u\u0161etrite svoj \u010das aj peniaze. Navy\u0161e budete ma\u0165 v\u0161etky digit\u00e1lne podp\u00edsan\u00e9 dokumenty st\u00e1le pri sebe a SingLite v\u00e1s bude informova\u0165 o d\u00f4le\u017eit\u00fdch term\u00ednoch a stavoch.Pozrite sa ako to funguje (DEMO) alebo bezplatne vytvorte a odo\u0161lite na podpis \u013eubovo\u013en\u00fa zmluvu (TRIAL). DEMOTRIALCENA INTEGROVAN\u00dd EDITOR&hellip; Read more\" \/>\n<meta property=\"og:url\" content=\"https:\/\/erpio.one\/sk\/erpio-signlite\/\" \/>\n<meta property=\"article:modified_time\" content=\"2023-05-31T10:11:12+00:00\" \/>\n<meta property=\"og:image\" content=\"https:\/\/erpio.one\/wp-content\/uploads\/2023\/05\/ERPIO-Sign-v1-1024x1024.jpg\" \/>\n\t<meta property=\"og:image:width\" content=\"1024\" \/>\n\t<meta property=\"og:image:height\" content=\"1024\" \/>\n\t<meta property=\"og:image:type\" content=\"image\/jpeg\" \/>\n<meta name=\"twitter:card\" content=\"summary_large_image\" \/>\n<meta name=\"twitter:label1\" content=\"Predpokladan\u00fd \u010das \u010d\u00edtania\" \/>\n\t<meta name=\"twitter:data1\" content=\"3 min\u00faty\" \/>\n<script type=\"application\/ld+json\" class=\"yoast-schema-graph\">{\"@context\":\"https:\/\/schema.org\",\"@graph\":[{\"@type\":\"WebPage\",\"@id\":\"https:\/\/erpio.one\/sk\/erpio-signlite\/\",\"url\":\"https:\/\/erpio.one\/sk\/erpio-signlite\/\",\"name\":\"ERPIO SignLite &#8226;\",\"isPartOf\":{\"@id\":\"https:\/\/erpio.one\/sk\/#website\"},\"primaryImageOfPage\":{\"@id\":\"https:\/\/erpio.one\/sk\/erpio-signlite\/#primaryimage\"},\"image\":{\"@id\":\"https:\/\/erpio.one\/sk\/erpio-signlite\/#primaryimage\"},\"thumbnailUrl\":\"https:\/\/erpio.one\/wp-content\/uploads\/2023\/05\/ERPIO-Sign-v1.jpg\",\"datePublished\":\"2023-05-25T07:03:36+00:00\",\"dateModified\":\"2023-05-31T10:11:12+00:00\",\"breadcrumb\":{\"@id\":\"https:\/\/erpio.one\/sk\/erpio-signlite\/#breadcrumb\"},\"inLanguage\":\"sk-SK\",\"potentialAction\":[{\"@type\":\"ReadAction\",\"target\":[\"https:\/\/erpio.one\/sk\/erpio-signlite\/\"]}]},{\"@type\":\"ImageObject\",\"inLanguage\":\"sk-SK\",\"@id\":\"https:\/\/erpio.one\/sk\/erpio-signlite\/#primaryimage\",\"url\":\"https:\/\/erpio.one\/wp-content\/uploads\/2023\/05\/ERPIO-Sign-v1.jpg\",\"contentUrl\":\"https:\/\/erpio.one\/wp-content\/uploads\/2023\/05\/ERPIO-Sign-v1.jpg\",\"width\":2482,\"height\":2481},{\"@type\":\"BreadcrumbList\",\"@id\":\"https:\/\/erpio.one\/sk\/erpio-signlite\/#breadcrumb\",\"itemListElement\":[{\"@type\":\"ListItem\",\"position\":1,\"name\":\"Home\",\"item\":\"https:\/\/erpio.one\/sk\/\"},{\"@type\":\"ListItem\",\"position\":2,\"name\":\"ERPIO SignLite\"}]},{\"@type\":\"WebSite\",\"@id\":\"https:\/\/erpio.one\/sk\/#website\",\"url\":\"https:\/\/erpio.one\/sk\/\",\"name\":\"ERPIO - Mobile ERP\",\"description\":\"\",\"publisher\":{\"@id\":\"https:\/\/erpio.one\/sk\/#organization\"},\"potentialAction\":[{\"@type\":\"SearchAction\",\"target\":{\"@type\":\"EntryPoint\",\"urlTemplate\":\"https:\/\/erpio.one\/sk\/?s={search_term_string}\"},\"query-input\":{\"@type\":\"PropertyValueSpecification\",\"valueRequired\":true,\"valueName\":\"search_term_string\"}}],\"inLanguage\":\"sk-SK\"},{\"@type\":\"Organization\",\"@id\":\"https:\/\/erpio.one\/sk\/#organization\",\"name\":\"ERPIO\",\"url\":\"https:\/\/erpio.one\/sk\/\",\"logo\":{\"@type\":\"ImageObject\",\"inLanguage\":\"sk-SK\",\"@id\":\"https:\/\/erpio.one\/sk\/#\/schema\/logo\/image\/\",\"url\":\"https:\/\/erpio.one\/wp-content\/uploads\/2018\/06\/erpio-one-ikona_av4_800x500_.png\",\"contentUrl\":\"https:\/\/erpio.one\/wp-content\/uploads\/2018\/06\/erpio-one-ikona_av4_800x500_.png\",\"width\":800,\"height\":500,\"caption\":\"ERPIO\"},\"image\":{\"@id\":\"https:\/\/erpio.one\/sk\/#\/schema\/logo\/image\/\"}}]}<\/script>\n<!-- \/ Yoast SEO plugin. -->","yoast_head_json":{"title":"ERPIO SignLite &#8226;","robots":{"index":"index","follow":"follow","max-snippet":"max-snippet:-1","max-image-preview":"max-image-preview:large","max-video-preview":"max-video-preview:-1"},"canonical":"https:\/\/erpio.one\/sk\/erpio-signlite\/","og_locale":"sk_SK","og_type":"article","og_title":"ERPIO SignLite &#8226;","og_description":"Jednoduch\u00e9 a r\u00fdchle digit\u00e1lne podpisovanie pre ka\u017ed\u00e9ho\u2026 Prejdite na digit\u00e1lne podpisovanie a u\u0161etrite svoj \u010das aj peniaze. Navy\u0161e budete ma\u0165 v\u0161etky digit\u00e1lne podp\u00edsan\u00e9 dokumenty st\u00e1le pri sebe a SingLite v\u00e1s bude informova\u0165 o d\u00f4le\u017eit\u00fdch term\u00ednoch a stavoch.Pozrite sa ako to funguje (DEMO) alebo bezplatne vytvorte a odo\u0161lite na podpis \u013eubovo\u013en\u00fa zmluvu (TRIAL). DEMOTRIALCENA INTEGROVAN\u00dd EDITOR&hellip; Read more","og_url":"https:\/\/erpio.one\/sk\/erpio-signlite\/","article_modified_time":"2023-05-31T10:11:12+00:00","og_image":[{"width":1024,"height":1024,"url":"https:\/\/erpio.one\/wp-content\/uploads\/2023\/05\/ERPIO-Sign-v1-1024x1024.jpg","type":"image\/jpeg"}],"twitter_card":"summary_large_image","twitter_misc":{"Predpokladan\u00fd \u010das \u010d\u00edtania":"3 min\u00faty"},"schema":{"@context":"https:\/\/schema.org","@graph":[{"@type":"WebPage","@id":"https:\/\/erpio.one\/sk\/erpio-signlite\/","url":"https:\/\/erpio.one\/sk\/erpio-signlite\/","name":"ERPIO SignLite &#8226;","isPartOf":{"@id":"https:\/\/erpio.one\/sk\/#website"},"primaryImageOfPage":{"@id":"https:\/\/erpio.one\/sk\/erpio-signlite\/#primaryimage"},"image":{"@id":"https:\/\/erpio.one\/sk\/erpio-signlite\/#primaryimage"},"thumbnailUrl":"https:\/\/erpio.one\/wp-content\/uploads\/2023\/05\/ERPIO-Sign-v1.jpg","datePublished":"2023-05-25T07:03:36+00:00","dateModified":"2023-05-31T10:11:12+00:00","breadcrumb":{"@id":"https:\/\/erpio.one\/sk\/erpio-signlite\/#breadcrumb"},"inLanguage":"sk-SK","potentialAction":[{"@type":"ReadAction","target":["https:\/\/erpio.one\/sk\/erpio-signlite\/"]}]},{"@type":"ImageObject","inLanguage":"sk-SK","@id":"https:\/\/erpio.one\/sk\/erpio-signlite\/#primaryimage","url":"https:\/\/erpio.one\/wp-content\/uploads\/2023\/05\/ERPIO-Sign-v1.jpg","contentUrl":"https:\/\/erpio.one\/wp-content\/uploads\/2023\/05\/ERPIO-Sign-v1.jpg","width":2482,"height":2481},{"@type":"BreadcrumbList","@id":"https:\/\/erpio.one\/sk\/erpio-signlite\/#breadcrumb","itemListElement":[{"@type":"ListItem","position":1,"name":"Home","item":"https:\/\/erpio.one\/sk\/"},{"@type":"ListItem","position":2,"name":"ERPIO SignLite"}]},{"@type":"WebSite","@id":"https:\/\/erpio.one\/sk\/#website","url":"https:\/\/erpio.one\/sk\/","name":"ERPIO - Mobile ERP","description":"","publisher":{"@id":"https:\/\/erpio.one\/sk\/#organization"},"potentialAction":[{"@type":"SearchAction","target":{"@type":"EntryPoint","urlTemplate":"https:\/\/erpio.one\/sk\/?s={search_term_string}"},"query-input":{"@type":"PropertyValueSpecification","valueRequired":true,"valueName":"search_term_string"}}],"inLanguage":"sk-SK"},{"@type":"Organization","@id":"https:\/\/erpio.one\/sk\/#organization","name":"ERPIO","url":"https:\/\/erpio.one\/sk\/","logo":{"@type":"ImageObject","inLanguage":"sk-SK","@id":"https:\/\/erpio.one\/sk\/#\/schema\/logo\/image\/","url":"https:\/\/erpio.one\/wp-content\/uploads\/2018\/06\/erpio-one-ikona_av4_800x500_.png","contentUrl":"https:\/\/erpio.one\/wp-content\/uploads\/2018\/06\/erpio-one-ikona_av4_800x500_.png","width":800,"height":500,"caption":"ERPIO"},"image":{"@id":"https:\/\/erpio.one\/sk\/#\/schema\/logo\/image\/"}}]}},"_links":{"self":[{"href":"https:\/\/erpio.one\/sk\/wp-json\/wp\/v2\/pages\/14534","targetHints":{"allow":["GET"]}}],"collection":[{"href":"https:\/\/erpio.one\/sk\/wp-json\/wp\/v2\/pages"}],"about":[{"href":"https:\/\/erpio.one\/sk\/wp-json\/wp\/v2\/types\/page"}],"author":[{"embeddable":true,"href":"https:\/\/erpio.one\/sk\/wp-json\/wp\/v2\/users\/1"}],"replies":[{"embeddable":true,"href":"https:\/\/erpio.one\/sk\/wp-json\/wp\/v2\/comments?post=14534"}],"version-history":[{"count":11,"href":"https:\/\/erpio.one\/sk\/wp-json\/wp\/v2\/pages\/14534\/revisions"}],"predecessor-version":[{"id":14785,"href":"https:\/\/erpio.one\/sk\/wp-json\/wp\/v2\/pages\/14534\/revisions\/14785"}],"wp:featuredmedia":[{"embeddable":true,"href":"https:\/\/erpio.one\/sk\/wp-json\/wp\/v2\/media\/14274"}],"wp:attachment":[{"href":"https:\/\/erpio.one\/sk\/wp-json\/wp\/v2\/media?parent=14534"}],"curies":[{"name":"wp","href":"https:\/\/api.w.org\/{rel}","templated":true}]}}