{"id":13962,"date":"2022-08-30T07:50:05","date_gmt":"2022-08-30T06:50:05","guid":{"rendered":"https:\/\/erpio.one\/erpio-one-solutions-and-usecases\/"},"modified":"2023-06-13T09:49:22","modified_gmt":"2023-06-13T08:49:22","slug":"erpio-one-solutions-and-usecases","status":"publish","type":"page","link":"https:\/\/erpio.one\/sk\/erpio-one-solutions-and-usecases\/","title":{"rendered":"ERPIO One &#8211; jedna platforma pre ve\u013ea rie\u0161en\u00ed"},"content":{"rendered":"<div  data-label=\"Overlappable\" data-id=\"overlappable--6\" data-export-id=\"overlappable-1\" data-category=\"overlappable\" class=\"overlappable-1 content-section content-section-spacing\" data-overlap=\"true\" id=\"overlappable-1\" style=\"background-color: rgb(255, 255, 255);\"><div  class=\"gridContainer\"> <div  data-type=\"row\" class=\"row shadow-medium\">  <div  data-type=\"column\" class=\"col-xs-12 col-sm-4 flexcol bg-color6 col-padding col-padding-small-xs inverted col-md-12\"><i  class=\"fa icon fa-bookmark color7\"><\/i> <h2  class=\"\">ERPIO One \u2013 pripraven\u00e9 rie\u0161enia<\/h2>  <p  class=\"lead\"><span  style=\"color: rgb(249, 250, 252);\">Pripraven\u00e9 rie\u0161enia s\u00fa overen\u00e9 a ich sprev\u00e1dzkovanie je r\u00fdchle. Umo\u017e\u0148uj\u00fa roz\u0161irova\u0165 funkcionalitu uveden\u00fdch \u00fa\u010dtovn\u00fdch a ekonomick\u00fdch firemn\u00fdch syst\u00e9mov o nov\u00e9 mo\u017enosti a cloudov\u00e9 aplik\u00e1cie.<\/span><br ><span  style=\"color: rgb(249, 250, 252);\">\nPr\u00edpraven\u00e9 rie\u0161enia s\u00fa \u201cotvoren\u00e9\u201d av z\u00e1vislosti od individu\u00e1lnych po\u017eiadaviek je mo\u017en\u00e9 funkcionalitu roz\u0161irova\u0165.<\/span><\/p><h3  class=\"\"><a data-mce-href=\"#ekonomicky-system-pohoda\" href=\"#ekonomicky-system-pohoda\" target=\"_self\" data-mce-selected=\"inline-boundary\" data-cp-link=\"1\" rel=\"noopener\">Ekonomick\u00fd syst\u00e9m Pohoda<\/a><\/h3><h3  class=\"\"><a data-mce-href=\"#helios-inuvio-orange-easy\" href=\"#helios-inuvio-orange-easy\" target=\"_self\" data-mce-selected=\"inline-boundary\" data-cp-link=\"1\" rel=\"noopener\">HELIOS Inuvio + Orange + Easy<\/a><\/h3><\/div> <\/div><\/div> <\/div><div  data-label=\"Ekonomicky system POHODA\" data-id=\"overlappable--7\" data-export-id=\"overlappable-1\" data-category=\"overlappable\" class=\"overlappable-1 content-section content-section-spacing\" data-overlap=\"true\" id=\"ekonomicky-system-pohoda\" style=\"background-color: rgb(255, 255, 255);\"><div  class=\"gridContainer\"> <div  data-type=\"row\" class=\"row shadow-medium\"> <div  data-type=\"column\" class=\"col-xs-12 col-sm-4 flexcol col-padding col-padding-small-xs inverted col-md-12 bg-color6\"><h2  class=\"\">Ekonomick\u00fd syst\u00e9m Pohoda<\/h2>   <p  class=\"lead\"><span  style=\"color: rgb(249, 250, 252);\">Integra\u010dn\u00e1 platforma ERPIO One umo\u017e\u0148uje vyu\u017eitie firemn\u00fdch d\u00e1t aj v oblastiach, ktor\u00e9 roz\u0161iruj\u00fa aktu\u00e1lny Ekonomick\u00fd syst\u00e9m Pohoda.<\/span><\/p><\/div>  <\/div><\/div> <\/div><div  data-label=\"Ekonomicky system POHODA sol\" data-id=\"overlappable--3\" data-export-id=\"overlappable-1\" data-category=\"overlappable\" class=\"overlappable-1 content-section content-section-spacing\" data-overlap=\"true\" id=\"ekonomicky-system-pohoda-sol\" style=\"background-color: rgb(255, 255, 255);\"><div  class=\"gridContainer\"> <div  data-type=\"row\" class=\"row shadow-medium\">  <div  data-type=\"column\" class=\"col-xs-12 col-sm-4 flexcol col-padding col-padding-small-xs inverted col-md-6 bg-color-white\"><a data-cp-link=\"1\" href=\"https:\/\/erpio.one\/wp-content\/uploads\/2022\/09\/ERPIO-Finmatics-pro-Ekonomicky-system-Pohoda.png\" class=\"\" target=\"_self\" rel=\"noopener\"><img decoding=\"async\"  class=\"custom-image\" src=\"https:\/\/erpio.one\/wp-content\/uploads\/2023\/01\/cropped-E1-schema-F-P-1-1.png\" title=\"cropped-E1-schema-F-P-1-1.png\" alt=\"\"><\/a>   <\/div> <div  data-type=\"column\" class=\"col-xs-12 col-sm-4 flexcol col-padding col-padding-small-xs inverted col-md-6 bg-color-white\">   <h3  class=\"\"><span  style=\"color: rgb(155, 2, 2); font-weight: 700;\">\n<br >Vy\u0165a\u017eovanie d\u00e1t z \u00fa\u010dtovn\u00fdch dokumentov<\/span><\/h3><p  class=\"\"><span  style=\"color: rgb(107, 124, 147);\">Spojen\u00edm slu\u017eby Finmatics s integra\u010dnou platformou ERPIO One vzniklo rie\u0161enie, ktor\u00e9 je univerz\u00e1lne pou\u017eite\u013en\u00e9 pre \u013eubovo\u013en\u00fd informa\u010dn\u00fd syst\u00e9m a umo\u017e\u0148uje efekt\u00edvnej\u0161ie spracovanie \u00fa\u010dtovn\u00fdch dokladov prostredn\u00edctvom automatiz\u00e1cie prenosov, kontrol pren\u00e1\u0161an\u00fdch d\u00e1t, schva\u013eovania a reportovania.<\/span><\/p><a class=\"button big color-black square\" href=\"https:\/\/erpio.one\/erpio-finmatics-pohoda\" target=\"_self\" data-cp-link=\"1\" data-icon=\"fa-align-left\" rel=\"noopener\"><span  class=\"button-icon fa fa-align-left\"><\/span>&nbsp;&nbsp;ERPIO Finmatics pre Pohodu<\/a><\/div><div  data-type=\"column\" class=\"col-xs-12 col-sm-4 flexcol col-padding col-padding-small-xs inverted col-md-6 bg-color-white\"><a data-cp-link=\"1\" href=\"https:\/\/erpio.one\/2022\/09\/01\/erpio-pohoda-reporting\" class=\"\" target=\"_self\" rel=\"noopener\"><img decoding=\"async\"  class=\"custom-image\" src=\"https:\/\/erpio.one\/wp-content\/uploads\/2023\/01\/cropped-E1-schema-M-P-3.png\" title=\"cropped-E1-schema-M-P-1-3.png\" alt=\"\"><\/a>   <\/div><div  data-type=\"column\" class=\"col-xs-12 col-sm-4 flexcol col-padding col-padding-small-xs inverted col-md-6 bg-color-white\">   <h3  class=\"\"><span  style=\"color: rgb(155, 2, 2); font-weight: 700;\">Mobiln\u00fd klient pre Pohodu <\/span><\/h3><p  class=\"\"><span  style=\"color: rgb(107, 124, 147);\">Pravideln\u00e9 a automatick\u00e9 poskytovanie inform\u00e1ci\u00ed je mo\u017en\u00e9 vyu\u017e\u00edva\u0165 pri dennom informovan\u00ed mana\u017e\u00e9rov, odovzd\u00e1van\u00ed d\u00e1t do in\u00fdch syst\u00e9mov alebo na komunik\u00e1ciu so zamestnancami a partnermi.<\/span><br ><span  style=\"color: rgb(107, 124, 147);\">\nV\u0161etky d\u00e1ta, ktor\u00e9 m\u00e1te ulo\u017een\u00e9 v Ekonomickom syst\u00e9me Pohoda, m\u00f4\u017eete ma\u0165 vo vrecku na mobilnom telef\u00f3ne kdeko\u013evek na cest\u00e1ch.<\/span><br ><span  style=\"color: rgb(107, 124, 147); font-style: italic; font-weight: 600;\">Pou\u017eit\u00edm integra\u010dnej platformy ERPIO One roz\u0161\u00edrite mo\u017enosti va\u0161ej Pohody o mobiln\u00fa pr\u00e1cu a integr\u00e1ciu modern\u00fdch aplik\u00e1ci\u00ed.<\/span><\/p><a class=\"button big color-black square\" href=\"https:\/\/erpio.one\/2022\/09\/01\/erpio-pohoda-reporting\" target=\"_self\" data-cp-link=\"1\" data-icon=\"fa-align-left\" rel=\"noopener\"><span  class=\"button-icon fa fa-align-left\"><\/span>ERPIO Mobilita pre Ekonomick\u00fd syst\u00e9m Pohoda<\/a><\/div><div  data-type=\"column\" class=\"col-xs-12 col-sm-4 flexcol col-padding col-padding-small-xs inverted col-md-6 bg-color-white\"><a data-cp-link=\"1\" href=\"https:\/\/erpio.one\/2022\/11\/16\/zjednoduste-komunikaci-se-zamestnanci-a-podepisujte-personalni-dokumenty-elektronicky\" class=\"\" target=\"_self\" rel=\"noopener\"><img decoding=\"async\"  class=\"custom-image\" src=\"https:\/\/erpio.one\/wp-content\/uploads\/2023\/01\/cropped-E1-schema-S-P-1.png\" title=\"cropped-E1-schema-F-P-1-1.png\" alt=\"\"><\/a>   <\/div><div  data-type=\"column\" class=\"col-xs-12 col-sm-4 flexcol col-padding col-padding-small-xs inverted col-md-6 bg-color-white\">   <h3  class=\"\"><span  style=\"color: rgb(155, 2, 2); font-weight: 700;\">Digit\u00e1lne podpisovanie so slu\u017ebou Signi<\/span><\/h3><p  class=\"\"><span  style=\"color: rgb(107, 124, 147);\">Dnes v \u201edobe digit\u00e1lnej\u201c je zna\u010dne nepraktick\u00e9, elektronicky vytvoren\u00fd dokument tla\u010di\u0165 len za \u00fa\u010delom podpisu. Navy\u0161e ak je podp\u00edsan\u00fd na papieri, mus\u00ed by\u0165 odoslan\u00fd papierovou po\u0161tou a po prijat\u00ed naskenovan\u00fd a origin\u00e1l zalo\u017een\u00fd do arch\u00edvu. Tento trochu nepraktick\u00fd postup je mo\u017en\u00e9 jednoducho zmeni\u0165.<br >\nPodpisova\u0165 je mo\u017en\u00e9 obchodn\u00e9 zmluvy, objedn\u00e1vky aj person\u00e1lne a mzdov\u00e9 dokumenty. S\u00fa\u010das\u0165ou Je ERPIO App s preh\u013eadmi stavoch dokumentov.<\/span><\/p><a class=\"button big color-black square\" href=\"https:\/\/erpio.one\/2022\/11\/16\/zjednoduste-komunikaci-se-zamestnanci-a-podepisujte-personalni-dokumenty-elektronicky\" target=\"_self\" data-cp-link=\"1\" data-icon=\"fa-align-left\" rel=\"noopener\"><span  class=\"button-icon fa fa-align-left\"><\/span>&nbsp;&nbsp;ERPIO Signi podpisovanie pre Ekonomick\u00fd syst\u00e9m Pohoda<\/a><\/div><div  data-type=\"column\" class=\"col-xs-12 col-sm-4 flexcol col-padding col-padding-small-xs inverted col-md-6 bg-color-white\"><a data-cp-link=\"1\" href=\"https:\/\/erpio.one\/erpio-online-service-vlastnosti\" class=\"\" target=\"_self\" rel=\"noopener\"><img decoding=\"async\"  class=\"custom-image\" src=\"https:\/\/erpio.one\/wp-content\/uploads\/2023\/01\/cropped-E1-schema-eos-P-1.png\" title=\"cropped-E1-schema-F-P-1-1.png\" alt=\"\"><\/a>   <\/div><div  data-type=\"column\" class=\"col-xs-12 col-sm-4 flexcol col-padding col-padding-small-xs inverted col-md-6 bg-color-white\">   <h3  class=\"\"><span  style=\"color: rgb(155, 2, 2); font-weight: 700;\">Mobiln\u00fd servis pre technikov v ter\u00e9ne<\/span><\/h3><p  class=\"\"><span  style=\"color: rgb(107, 124, 147);\">Mobiln\u00e1 aplik\u00e1cia ERPIO Online Service je jednoduch\u00e1 na ovl\u00e1danie. Je zameran\u00e1 na potreby servisn\u00fdch technikov a in\u00fdch pracovn\u00edkov, ktor\u00ed poskytuj\u00fa poradensk\u00e9, oprav\u00e1rensk\u00e9 a in\u00e9 \u010dinnosti u klientov alebo v ter\u00e9ne. N\u00e1jdete v nej v\u0161etko \ufeffd\u00f4le\u017eit\u00e9 \u010do pre pr\u00e1cu na cest\u00e1ch potrebujete.<br >\n<br >Integr\u00e1ciou s Pohodou zjednodu\u0161\u00edte prenosy \/ prepisovanie d\u00e1t, odstr\u00e1nenie papierov\u00fdch v\u00fdkazov, zjednodu\u0161\u00edte pr\u00e1cu technikov a z\u00edskate lep\u0161\u00ed preh\u013ead.<\/span><\/p><a class=\"button big color-black square\" href=\"https:\/\/erpio.one\/erpio-online-service-vlastnosti\" target=\"_self\" data-cp-link=\"1\" data-icon=\"fa-align-left\" rel=\"noopener\"><span  class=\"button-icon fa fa-align-left\"><\/span>&nbsp;&nbsp;ERPIO Online Service pre Ekonomick\u00fd syst\u00e9m Pohoda<\/a><\/div><\/div><\/div> <\/div><div  data-label=\"HELIOS Inuvio + Orange + Easy\" data-id=\"overlappable--8\" data-export-id=\"overlappable-1\" data-category=\"overlappable\" class=\"overlappable-1 content-section content-section-spacing\" data-overlap=\"true\" id=\"helios-inuvio-orange-easy\" style=\"background-color: rgb(255, 255, 255);\"><div  class=\"gridContainer\"> <div  data-type=\"row\" class=\"row shadow-medium\">  <div  data-type=\"column\" class=\"col-xs-12 col-sm-4 flexcol bg-color6 col-padding col-padding-small-xs inverted col-md-12\"><h2  class=\"\">HELIOS Inuvio + Orange + Easy<\/h2>   <p  class=\"lead\"><span  style=\"color: rgb(255, 255, 255);\">HELIOS je otvoren\u00fd a prisp\u00f4sobite\u013en\u00fd informa\u010dn\u00fd syst\u00e9m. Spolo\u010dne s integra\u010dnou platformou ERPIO One je mo\u017en\u00e9 jednoducho roz\u0161irova\u0165 \u0161pecifick\u00e9 odborov\u00e9 funkcie nad existuj\u00facimi firemn\u00fdmi d\u00e1tami a t\u00fdm \u010falej rozv\u00edja\u0165 a zlep\u0161ova\u0165 firemn\u00e9 procesy.<\/span><\/p><\/div> <\/div><\/div> <\/div><div  data-label=\"HELIOS Inuvio + Orange + Easy sol\" data-id=\"overlappable--4\" data-export-id=\"overlappable-1\" data-category=\"overlappable\" class=\"overlappable-1 content-section content-section-spacing\" data-overlap=\"true\" id=\"helios-inuvio-orange-easy-sol\" style=\"background-color: rgb(255, 255, 255);\"><div  class=\"gridContainer\"> <div  data-type=\"row\" class=\"row shadow-medium\"><div  data-type=\"column\" class=\"col-xs-12 col-sm-4 flexcol bg-color-white col-padding col-padding-small-xs col-md-6\"><img decoding=\"async\"  class=\"custom-image\" src=\"https:\/\/erpio.one\/wp-content\/uploads\/2023\/01\/cropped-E1-schema-S-H-1.png\" title=\"cropped-E1-schema-S-H-1.png\" alt=\"\">    <\/div> <div  data-type=\"column\" class=\"col-xs-12 col-sm-4 flexcol col-padding col-padding-small-xs inverted col-md-6 bg-color-white\">   <h3  class=\"\"><span  style=\"color: rgb(155, 2, 2); font-weight: 700;\">Digit\u00e1lne podpisovanie so slu\u017ebou Signi<\/span><\/h3><p  class=\"lead\">Integr\u00e1cia Signi \u2013 slu\u017eby pre digit\u00e1lne podpisovanie s Heliosom umo\u017e\u0148uje priamo v Heliose sledova\u0165 stav spracovania jednotliv\u00fdch dokumentov alebo napr\u00edklad d\u00e1tum skart\u00e1cie. Jednoduchou akciou prostredn\u00edctvom kontextov\u00e9ho menu m\u00f4\u017eete jednotlivo d\u00e1va\u0165 pokyn k na\u0161tartovaniu procesu podpisovania a to ako jednotlivo, tak aj hromadne pre viac dokumentov alebo subjektov. Vyu\u017eit\u00edm elektronick\u00fdch formul\u00e1rov m\u00f4\u017eete vy alebo va\u0161a protistrana dop\u013a\u0148a\u0165 do dokumentu \u00fadaje a n\u00e1sledne spusti\u0165 proces gener\u00e1cie a podpisovania fin\u00e1lneho dokumentov. Podp\u00edsan\u00e9 dokumenty s\u00fa ulo\u017een\u00e9 vo vami zvolenom \u00falo\u017eisku \/ arch\u00edve a prostredn\u00edctvom odkazu dostupn\u00e9 z prostredia Heliosu.<\/p><a class=\"button big color-black square\" href=\"https:\/\/erpio.one\/2022\/11\/16\/zjednoduste-komunikaci-se-zamestnanci-a-podepisujte-personalni-dokumenty-elektronicky\" target=\"_self\" data-cp-link=\"1\" data-icon=\"fa-align-left\" rel=\"noopener\"><span  class=\"button-icon fa fa-align-left\"><\/span>&nbsp;&nbsp;ERPIO Signi podpisovanie pre HELIOS<\/a><\/div> <div  data-type=\"column\" class=\"col-xs-12 col-sm-4 flexcol col-padding col-padding-small-xs inverted col-md-6 bg-color-white\">   <\/div> <\/div><\/div> <\/div><div  data-label=\"Ucetni program MONEY S3\" data-id=\"overlappable--5\" data-export-id=\"overlappable-1\" data-category=\"overlappable\" class=\"overlappable-1 content-section content-section-spacing\" data-overlap=\"true\" id=\"ucetni-program-money-s3\" style=\"background-color: rgb(255, 255, 255);\"><div  class=\"gridContainer\"> <div  data-type=\"row\" class=\"row shadow-medium\"><div  data-type=\"column\" class=\"col-xs-12 col-sm-4 flexcol col-padding col-padding-small-xs col-md-6 bg-color-white\">    <\/div>   <\/div><\/div> <\/div>","protected":false},"excerpt":{"rendered":"<p>ERPIO One \u2013 pripraven\u00e9 rie\u0161enia Pripraven\u00e9 rie\u0161enia s\u00fa overen\u00e9 a ich sprev\u00e1dzkovanie je r\u00fdchle. Umo\u017e\u0148uj\u00fa roz\u0161irova\u0165 funkcionalitu uveden\u00fdch \u00fa\u010dtovn\u00fdch a ekonomick\u00fdch firemn\u00fdch syst\u00e9mov o nov\u00e9 mo\u017enosti a cloudov\u00e9 aplik\u00e1cie. Pr\u00edpraven\u00e9 rie\u0161enia s\u00fa \u201cotvoren\u00e9\u201d av z\u00e1vislosti od individu\u00e1lnych po\u017eiadaviek je mo\u017en\u00e9 funkcionalitu roz\u0161irova\u0165.Ekonomick\u00fd syst\u00e9m PohodaHELIOS Inuvio + Orange + Easy Ekonomick\u00fd syst\u00e9m Pohoda Integra\u010dn\u00e1 platforma ERPIO&hellip; <br \/> <a class=\"read-more\" href=\"https:\/\/erpio.one\/sk\/erpio-one-solutions-and-usecases\/\">Read more<\/a><\/p>\n","protected":false},"author":1,"featured_media":0,"parent":0,"menu_order":0,"comment_status":"closed","ping_status":"closed","template":"pro\/page-templates\/full-width-homepage-header.php","meta":{"content-type":"","footnotes":"","_links_to":"","_links_to_target":""},"class_list":["post-13962","page","type-page","status-publish","hentry"],"yoast_head":"<!-- This site is optimized with the Yoast SEO plugin v26.3 - https:\/\/yoast.com\/wordpress\/plugins\/seo\/ -->\n<title>ERPIO One - jedna platforma pre ve\u013ea rie\u0161en\u00ed &#8226;<\/title>\n<meta name=\"robots\" content=\"index, follow, max-snippet:-1, max-image-preview:large, max-video-preview:-1\" \/>\n<link rel=\"canonical\" href=\"https:\/\/erpio.one\/sk\/erpio-one-solutions-and-usecases\/\" \/>\n<meta property=\"og:locale\" content=\"sk_SK\" \/>\n<meta property=\"og:type\" content=\"article\" \/>\n<meta property=\"og:title\" content=\"ERPIO One - jedna platforma pre ve\u013ea rie\u0161en\u00ed &#8226;\" \/>\n<meta property=\"og:description\" content=\"ERPIO One \u2013 pripraven\u00e9 rie\u0161enia Pripraven\u00e9 rie\u0161enia s\u00fa overen\u00e9 a ich sprev\u00e1dzkovanie je r\u00fdchle. Umo\u017e\u0148uj\u00fa roz\u0161irova\u0165 funkcionalitu uveden\u00fdch \u00fa\u010dtovn\u00fdch a ekonomick\u00fdch firemn\u00fdch syst\u00e9mov o nov\u00e9 mo\u017enosti a cloudov\u00e9 aplik\u00e1cie. Pr\u00edpraven\u00e9 rie\u0161enia s\u00fa \u201cotvoren\u00e9\u201d av z\u00e1vislosti od individu\u00e1lnych po\u017eiadaviek je mo\u017en\u00e9 funkcionalitu roz\u0161irova\u0165.Ekonomick\u00fd syst\u00e9m PohodaHELIOS Inuvio + Orange + Easy Ekonomick\u00fd syst\u00e9m Pohoda Integra\u010dn\u00e1 platforma ERPIO&hellip; Read more\" \/>\n<meta property=\"og:url\" content=\"https:\/\/erpio.one\/sk\/erpio-one-solutions-and-usecases\/\" \/>\n<meta property=\"article:modified_time\" content=\"2023-06-13T08:49:22+00:00\" \/>\n<meta property=\"og:image\" content=\"https:\/\/erpio.one\/wp-content\/uploads\/2023\/01\/cropped-E1-schema-F-P-1-1.png\" \/>\n<meta name=\"twitter:card\" content=\"summary_large_image\" \/>\n<meta name=\"twitter:label1\" content=\"Predpokladan\u00fd \u010das \u010d\u00edtania\" \/>\n\t<meta name=\"twitter:data1\" content=\"3 min\u00faty\" \/>\n<script type=\"application\/ld+json\" class=\"yoast-schema-graph\">{\"@context\":\"https:\/\/schema.org\",\"@graph\":[{\"@type\":\"WebPage\",\"@id\":\"https:\/\/erpio.one\/sk\/erpio-one-solutions-and-usecases\/\",\"url\":\"https:\/\/erpio.one\/sk\/erpio-one-solutions-and-usecases\/\",\"name\":\"ERPIO One - jedna platforma pre ve\u013ea rie\u0161en\u00ed &#8226;\",\"isPartOf\":{\"@id\":\"https:\/\/erpio.one\/sk\/#website\"},\"primaryImageOfPage\":{\"@id\":\"https:\/\/erpio.one\/sk\/erpio-one-solutions-and-usecases\/#primaryimage\"},\"image\":{\"@id\":\"https:\/\/erpio.one\/sk\/erpio-one-solutions-and-usecases\/#primaryimage\"},\"thumbnailUrl\":\"https:\/\/erpio.one\/wp-content\/uploads\/2023\/01\/cropped-E1-schema-F-P-1-1.png\",\"datePublished\":\"2022-08-30T06:50:05+00:00\",\"dateModified\":\"2023-06-13T08:49:22+00:00\",\"breadcrumb\":{\"@id\":\"https:\/\/erpio.one\/sk\/erpio-one-solutions-and-usecases\/#breadcrumb\"},\"inLanguage\":\"sk-SK\",\"potentialAction\":[{\"@type\":\"ReadAction\",\"target\":[\"https:\/\/erpio.one\/sk\/erpio-one-solutions-and-usecases\/\"]}]},{\"@type\":\"ImageObject\",\"inLanguage\":\"sk-SK\",\"@id\":\"https:\/\/erpio.one\/sk\/erpio-one-solutions-and-usecases\/#primaryimage\",\"url\":\"https:\/\/erpio.one\/wp-content\/uploads\/2023\/01\/cropped-E1-schema-F-P-1-1.png\",\"contentUrl\":\"https:\/\/erpio.one\/wp-content\/uploads\/2023\/01\/cropped-E1-schema-F-P-1-1.png\"},{\"@type\":\"BreadcrumbList\",\"@id\":\"https:\/\/erpio.one\/sk\/erpio-one-solutions-and-usecases\/#breadcrumb\",\"itemListElement\":[{\"@type\":\"ListItem\",\"position\":1,\"name\":\"Home\",\"item\":\"https:\/\/erpio.one\/sk\/\"},{\"@type\":\"ListItem\",\"position\":2,\"name\":\"ERPIO One &#8211; jedna platforma pre ve\u013ea rie\u0161en\u00ed\"}]},{\"@type\":\"WebSite\",\"@id\":\"https:\/\/erpio.one\/sk\/#website\",\"url\":\"https:\/\/erpio.one\/sk\/\",\"name\":\"ERPIO - Mobile ERP\",\"description\":\"\",\"publisher\":{\"@id\":\"https:\/\/erpio.one\/sk\/#organization\"},\"potentialAction\":[{\"@type\":\"SearchAction\",\"target\":{\"@type\":\"EntryPoint\",\"urlTemplate\":\"https:\/\/erpio.one\/sk\/?s={search_term_string}\"},\"query-input\":{\"@type\":\"PropertyValueSpecification\",\"valueRequired\":true,\"valueName\":\"search_term_string\"}}],\"inLanguage\":\"sk-SK\"},{\"@type\":\"Organization\",\"@id\":\"https:\/\/erpio.one\/sk\/#organization\",\"name\":\"ERPIO\",\"url\":\"https:\/\/erpio.one\/sk\/\",\"logo\":{\"@type\":\"ImageObject\",\"inLanguage\":\"sk-SK\",\"@id\":\"https:\/\/erpio.one\/sk\/#\/schema\/logo\/image\/\",\"url\":\"https:\/\/erpio.one\/wp-content\/uploads\/2018\/06\/erpio-one-ikona_av4_800x500_.png\",\"contentUrl\":\"https:\/\/erpio.one\/wp-content\/uploads\/2018\/06\/erpio-one-ikona_av4_800x500_.png\",\"width\":800,\"height\":500,\"caption\":\"ERPIO\"},\"image\":{\"@id\":\"https:\/\/erpio.one\/sk\/#\/schema\/logo\/image\/\"}}]}<\/script>\n<!-- \/ Yoast SEO plugin. -->","yoast_head_json":{"title":"ERPIO One - jedna platforma pre ve\u013ea rie\u0161en\u00ed &#8226;","robots":{"index":"index","follow":"follow","max-snippet":"max-snippet:-1","max-image-preview":"max-image-preview:large","max-video-preview":"max-video-preview:-1"},"canonical":"https:\/\/erpio.one\/sk\/erpio-one-solutions-and-usecases\/","og_locale":"sk_SK","og_type":"article","og_title":"ERPIO One - jedna platforma pre ve\u013ea rie\u0161en\u00ed &#8226;","og_description":"ERPIO One \u2013 pripraven\u00e9 rie\u0161enia Pripraven\u00e9 rie\u0161enia s\u00fa overen\u00e9 a ich sprev\u00e1dzkovanie je r\u00fdchle. Umo\u017e\u0148uj\u00fa roz\u0161irova\u0165 funkcionalitu uveden\u00fdch \u00fa\u010dtovn\u00fdch a ekonomick\u00fdch firemn\u00fdch syst\u00e9mov o nov\u00e9 mo\u017enosti a cloudov\u00e9 aplik\u00e1cie. Pr\u00edpraven\u00e9 rie\u0161enia s\u00fa \u201cotvoren\u00e9\u201d av z\u00e1vislosti od individu\u00e1lnych po\u017eiadaviek je mo\u017en\u00e9 funkcionalitu roz\u0161irova\u0165.Ekonomick\u00fd syst\u00e9m PohodaHELIOS Inuvio + Orange + Easy Ekonomick\u00fd syst\u00e9m Pohoda Integra\u010dn\u00e1 platforma ERPIO&hellip; Read more","og_url":"https:\/\/erpio.one\/sk\/erpio-one-solutions-and-usecases\/","article_modified_time":"2023-06-13T08:49:22+00:00","og_image":[{"url":"https:\/\/erpio.one\/wp-content\/uploads\/2023\/01\/cropped-E1-schema-F-P-1-1.png","type":"","width":"","height":""}],"twitter_card":"summary_large_image","twitter_misc":{"Predpokladan\u00fd \u010das \u010d\u00edtania":"3 min\u00faty"},"schema":{"@context":"https:\/\/schema.org","@graph":[{"@type":"WebPage","@id":"https:\/\/erpio.one\/sk\/erpio-one-solutions-and-usecases\/","url":"https:\/\/erpio.one\/sk\/erpio-one-solutions-and-usecases\/","name":"ERPIO One - jedna platforma pre ve\u013ea rie\u0161en\u00ed &#8226;","isPartOf":{"@id":"https:\/\/erpio.one\/sk\/#website"},"primaryImageOfPage":{"@id":"https:\/\/erpio.one\/sk\/erpio-one-solutions-and-usecases\/#primaryimage"},"image":{"@id":"https:\/\/erpio.one\/sk\/erpio-one-solutions-and-usecases\/#primaryimage"},"thumbnailUrl":"https:\/\/erpio.one\/wp-content\/uploads\/2023\/01\/cropped-E1-schema-F-P-1-1.png","datePublished":"2022-08-30T06:50:05+00:00","dateModified":"2023-06-13T08:49:22+00:00","breadcrumb":{"@id":"https:\/\/erpio.one\/sk\/erpio-one-solutions-and-usecases\/#breadcrumb"},"inLanguage":"sk-SK","potentialAction":[{"@type":"ReadAction","target":["https:\/\/erpio.one\/sk\/erpio-one-solutions-and-usecases\/"]}]},{"@type":"ImageObject","inLanguage":"sk-SK","@id":"https:\/\/erpio.one\/sk\/erpio-one-solutions-and-usecases\/#primaryimage","url":"https:\/\/erpio.one\/wp-content\/uploads\/2023\/01\/cropped-E1-schema-F-P-1-1.png","contentUrl":"https:\/\/erpio.one\/wp-content\/uploads\/2023\/01\/cropped-E1-schema-F-P-1-1.png"},{"@type":"BreadcrumbList","@id":"https:\/\/erpio.one\/sk\/erpio-one-solutions-and-usecases\/#breadcrumb","itemListElement":[{"@type":"ListItem","position":1,"name":"Home","item":"https:\/\/erpio.one\/sk\/"},{"@type":"ListItem","position":2,"name":"ERPIO One &#8211; jedna platforma pre ve\u013ea rie\u0161en\u00ed"}]},{"@type":"WebSite","@id":"https:\/\/erpio.one\/sk\/#website","url":"https:\/\/erpio.one\/sk\/","name":"ERPIO - Mobile ERP","description":"","publisher":{"@id":"https:\/\/erpio.one\/sk\/#organization"},"potentialAction":[{"@type":"SearchAction","target":{"@type":"EntryPoint","urlTemplate":"https:\/\/erpio.one\/sk\/?s={search_term_string}"},"query-input":{"@type":"PropertyValueSpecification","valueRequired":true,"valueName":"search_term_string"}}],"inLanguage":"sk-SK"},{"@type":"Organization","@id":"https:\/\/erpio.one\/sk\/#organization","name":"ERPIO","url":"https:\/\/erpio.one\/sk\/","logo":{"@type":"ImageObject","inLanguage":"sk-SK","@id":"https:\/\/erpio.one\/sk\/#\/schema\/logo\/image\/","url":"https:\/\/erpio.one\/wp-content\/uploads\/2018\/06\/erpio-one-ikona_av4_800x500_.png","contentUrl":"https:\/\/erpio.one\/wp-content\/uploads\/2018\/06\/erpio-one-ikona_av4_800x500_.png","width":800,"height":500,"caption":"ERPIO"},"image":{"@id":"https:\/\/erpio.one\/sk\/#\/schema\/logo\/image\/"}}]}},"_links":{"self":[{"href":"https:\/\/erpio.one\/sk\/wp-json\/wp\/v2\/pages\/13962","targetHints":{"allow":["GET"]}}],"collection":[{"href":"https:\/\/erpio.one\/sk\/wp-json\/wp\/v2\/pages"}],"about":[{"href":"https:\/\/erpio.one\/sk\/wp-json\/wp\/v2\/types\/page"}],"author":[{"embeddable":true,"href":"https:\/\/erpio.one\/sk\/wp-json\/wp\/v2\/users\/1"}],"replies":[{"embeddable":true,"href":"https:\/\/erpio.one\/sk\/wp-json\/wp\/v2\/comments?post=13962"}],"version-history":[{"count":12,"href":"https:\/\/erpio.one\/sk\/wp-json\/wp\/v2\/pages\/13962\/revisions"}],"predecessor-version":[{"id":15057,"href":"https:\/\/erpio.one\/sk\/wp-json\/wp\/v2\/pages\/13962\/revisions\/15057"}],"wp:attachment":[{"href":"https:\/\/erpio.one\/sk\/wp-json\/wp\/v2\/media?parent=13962"}],"curies":[{"name":"wp","href":"https:\/\/api.w.org\/{rel}","templated":true}]}}