{"id":11913,"date":"2022-04-29T10:20:06","date_gmt":"2022-04-29T09:20:06","guid":{"rendered":"https:\/\/erpio.one\/finmatics-first\/"},"modified":"2022-05-23T12:33:25","modified_gmt":"2022-05-23T11:33:25","slug":"finmatics-first","status":"publish","type":"page","link":"https:\/\/erpio.one\/sk\/finmatics-first\/","title":{"rendered":"FINMATICS first"},"content":{"rendered":"<br ><div  data-label=\"About\" data-id=\"about--1\" data-export-id=\"about-text-image\" data-category=\"about\" class=\"about-text-image content-section content-section-spacing dark-text\" id=\"about-1\" style=\"background-color: rgb(255, 255, 255);\"><div  class=\"gridContainer\"> <div  class=\"row\"><div  class=\"col-sm-6 col-padding-small-xs col-sm-padding-large bg-color5 white-text content-col\" data-type=\"column\">  <h2  class=\"\" style=\"text-align: right;\"><span  style=\"color: rgb(52, 58, 64);\">R\u00fdchla a jednoduch\u00e1<br ><span  style=\"font-style: italic; font-weight: 700;\">automatiz\u00e1cia \u00fa\u010dtovn\u00edctva<\/span>,\n<br >ktor\u00e1 v\u00e1s \ufeffzbav\u00ed zbyto\u010dn\u00fdch papierov<\/span><\/h2> <\/div> <div  class=\"col-sm-6 flexbox-strech center-xs middle-xs no-gutter-col\"><div  class=\"shadow-large overlap-left-large flexbox middle-xs center-xs right-img\" data-bg=\"image\" style=\"background-image: url(&quot;https:\/\/erpio.one\/wp-content\/uploads\/2022\/04\/cropped-finmatics-600x400-e1-2.png&quot;);\"><\/div><\/div> <\/div><\/div> <\/div><div  data-label=\"Features\" data-id=\"features--1\" data-export-id=\"features-ov-4-mc\" data-category=\"features\" class=\"features-ov-4-mc content-section content-section-spacing\" id=\"features-1\" style=\"background-color: rgb(245, 250, 253);\"><div  class=\"gridContainer\"> <div  data-type=\"row\" class=\"row spaced-cols text-center\"><div  class=\"col-xs-12 col-sm-4 col-padding col-md-6 \">  <div  data-type=\"column\" class=\"\"> <img decoding=\"async\"  class=\"custom-image\" src=\"https:\/\/erpio.one\/wp-content\/uploads\/2022\/04\/Icons-Losungen_ScanTrenn-256.png\" title=\"Icons-Losungen_ScanTrenn-256\" alt=\"\"><h3  class=\"\">SKENOVANIE DOKUMENTOV<\/h3> <p  class=\"lead\">Najr\u00fdchlej\u0161\u00edm a najefekt\u00edvnej\u0161\u00edm sp\u00f4sobom ako nahra\u0165 dokumenty je vyu\u017eitie unik\u00e1tneho e-mailu. Nahratie je\n<br >mo\u017en\u00e9 aj prostredn\u00edctvom mobilnej aplik\u00e1cie, klasick\u00fdm skenovan\u00edm \u010di presunut\u00edm pomocou Drag and Drop z prostredia v\u00e1\u0161ho po\u010d\u00edta\u010da.<\/p><\/div> <\/div>  <div  class=\"col-xs-12 col-sm-4 col-padding col-md-6 \">  <div  data-type=\"column\" class=\"\"> <img decoding=\"async\"  class=\"custom-image\" src=\"https:\/\/erpio.one\/wp-content\/uploads\/2022\/04\/cropped-Icons-Losungen_Buchungsautomat-MALY.png\" title=\"cropped-Icons-Losungen_Buchungsautomat-MALY.png\" alt=\"\"><h3  class=\"\">VY\u0164A\u017dENIE A KATEGORIZ\u00c1CIA<\/h3> <p  class=\"lead\">Obsahuje nahran\u00fd dokument viacero dokladov? Umel\u00e1 inteligencia dokument rozdel\u00ed a z\u00edska z neho jednotliv\u00e9\n<br >doklady vr\u00e1tane pr\u00edloh.<\/p><\/div> <\/div><div  class=\"col-xs-12 col-sm-4 col-padding col-md-6 \">  <div  data-type=\"column\" class=\"\"> <img decoding=\"async\"  class=\"custom-image\" src=\"https:\/\/erpio.one\/wp-content\/uploads\/2022\/04\/Icons-Losungen_Dokumentenfreigabe-MALY.png\" title=\"Icons-L\u00f6sungen_Dokumentenfreigabe-MALY\" alt=\"\"><h3  class=\"\">SCHVA\u013dOVANIE A \u00daPRAVA<\/h3> <p  class=\"lead\">Nechajte silu umelej inteligencie, aby v\u00e1m pomohla nastavi\u0165 schva\u013eovacie procesy. S Finmatics m\u00f4\u017eete okam\u017eite\n<br >digitalizova\u0165 a automatizova\u0165 procesy schva\u013eovania fakt\u00far\n<br >a in\u00fdch dokumentov.<\/p><\/div> <\/div><div  class=\"col-xs-12 col-sm-4 col-padding col-md-6 \">  <div  data-type=\"column\" class=\"\"> <img decoding=\"async\"  class=\"custom-image\" src=\"https:\/\/erpio.one\/wp-content\/uploads\/2022\/04\/Icons-Losungen_IPaaS-MALY.png\" title=\"Icons-L\u00f6sungen_IPaaS-MALY\" alt=\"\"><h3  class=\"\">PRENOS DO \u00da\u010cTOVN\u00cdCTVA<\/h3> <p  class=\"lead\">V\u0161etky z\u00edskan\u00e9 d\u00e1ta je mo\u017en\u00e9 prostredn\u00edctvom\n<br >pripraven\u00fdch n\u00e1strojov alebo Erpio konektorov\n<br >prenies\u0165 do v\u00e1\u0161ho \u00fa\u010dtovn\u00edctva.<\/p><\/div> <\/div><\/div> <\/div><\/div><div data-label=\"Content\" data-id=\"content--1\" data-export-id=\"content-11\" data-category=\"content\" class=\"content-11 content-section content-section-spacing\" id=\"content-1\"  style=\"background-color: rgb(255, 255, 255);\"><div class=\"gridContainer\" > <div class=\"row text-center\" ><div class=\"section-title-col\" data-type=\"column\" > <h2 class=\"\" >Ako funguje Finmatics?<\/h2> <p class=\"lead\" >Zbavte sa zbyto\u010dn\u00fdch papierov a chybovosti pri prepisovan\u00ed d\u00e1t.<\/p><\/div> <\/div> <div class=\"row center-xs middle-xs\" > <div class=\"col-sm-9\" > <div class=\"lightbox-video lightbox-video-tall dark-overlay shadow-large flexbox middle-xs center-xs\" data-type=\"group\" data-bg=\"image\"  style=\"background-image: url(&quot;https:\/\/erpio.one\/wp-content\/uploads\/2022\/05\/cropped-cropped-high-rise-glass-building.jpeg&quot;);\"> <a data-fancybox=\"\" data-video-lightbox=\"true\" href=\"https:\/\/www.youtube.com\/watch?v=vv5-ewUcxP0&amp;t=17s\" > <i data-cp-fa=\"true\" class=\"fa video-icon fa-play-circle-o color-white\" ><\/i><\/a> <\/div><\/div> <\/div><\/div> <\/div><div  data-label=\"Clients\" data-id=\"clients--1\" data-export-id=\"clients-4\" data-category=\"clients\" class=\"clients-4 content-section content-section-spacing-small\" id=\"clients-1\" style=\"background-color: rgb(255, 255, 255);\"><div  class=\"gridContainer\"> <div  class=\"row\"><div  data-type=\"column\" class=\"section-title-col\">  <h2  class=\"\">Rie\u0161enie je kompatibiln\u00e9 s najroz\u0161\u00edrenej\u0161\u00edmi \u00fa\u010dtovn\u00fdmi a firemn\u00fdmi syst\u00e9mami<\/h2><\/div> <\/div> <div  data-type=\"row\" class=\"row spaced-cols middle-xs center-xs space-bottom padding-lr\">  <div  class=\"col-xs-6 col-sm-2\"> <img decoding=\"async\"  src=\"https:\/\/erpio.one\/wp-content\/uploads\/2022\/04\/cropped-pohoda-logo.png\" class=\"\" title=\"cropped-pohoda-logo.png\" alt=\"\"><\/div> <div  class=\"col-xs-6 col-sm-2\"> <img decoding=\"async\"  src=\"https:\/\/erpio.one\/wp-content\/uploads\/2022\/04\/helios-logo.png\" class=\"\" title=\"helios-logo\" alt=\"\"><\/div> <div  class=\"col-xs-6 col-sm-2\"> <img decoding=\"async\"  src=\"https:\/\/erpio.one\/wp-content\/uploads\/2022\/04\/images.png\" class=\"\" title=\"images\" alt=\"\"><p  class=\"\">\n<br ><br >\n<\/p><a class=\"button big color-black square outline\" href=\"https:\/\/www.finmatics.com\/integrationen-en-overview\" target=\"_blank\" data-cp-link=\"1\" data-icon=\"\" rel=\"noopener\">\u010c\u00edtajte viac\u2026<\/a><\/div><div  class=\"col-xs-6 col-sm-2\"> <img decoding=\"async\"  src=\"https:\/\/erpio.one\/wp-content\/uploads\/2021\/02\/m-files-1.png\" class=\"\" title=\"m-files-1\" alt=\"\"><\/div> <div  class=\"col-xs-6 col-sm-2\"> <img decoding=\"async\"  src=\"https:\/\/erpio.one\/wp-content\/uploads\/2022\/04\/moneyS3.png\" class=\"\" title=\"moneyS3\" alt=\"\"><\/div>  <\/div><\/div> <\/div><div  data-label=\"Cta\" data-id=\"cta--1\" data-export-id=\"cta-centered-section-grid\" data-category=\"cta\" class=\"cta-centered-section-grid content-section content-section-spacing-medium bg-color1 white-text\" id=\"cta-1\"><div  class=\"gridContainer\"> <div  class=\"row text-center\"><div  class=\"col-xs-12 col-sm-10 col-sm-offset-1 col-md-8 col-md-offset-2\" data-type=\"column\"> <h2  class=\"\">R\u00e1di v\u00e1m poskytneme bli\u017e\u0161ie inform\u00e1cie<\/h2> <p  class=\"lead\">Spolo\u010dnos\u0165 ERPIO je integra\u010dn\u00fdm a obchodn\u00fdm partnerom rak\u00faskej spolo\u010dnosti Finmatics pre \u010cesko a Slovensko.<\/p> <a class=\"button big color-white square outline\" href=\"https:\/\/erpio.one\/sk\/kontaktujte-nas\" target=\"_self\" data-cp-link=\"1\" data-icon=\"\" rel=\"noopener\">Nap\u00ed\u0161te n\u00e1m\u2026<\/a><\/div> <\/div><\/div> <\/div><div  data-label=\"Gallery\" data-id=\"gallery--1\" data-export-id=\"gallery-1\" data-category=\"gallery\" class=\"gallery-1 content-section content-section-spacing\" id=\"gallery-1\" style=\"background-color: rgb(245, 250, 253);\"><div  class=\"gridContainer\"> <div  class=\"row\"><div  class=\"section-title-col\" data-type=\"column\"> <h2  class=\"\">Viac ako 10 000 spolo\u010dnost\u00ed d\u00f4veruje Finmatics<\/h2> <\/div> <\/div> <div  class=\"row text-center\"> <div  class=\"col-xs-12\" data-editable=\"true\" data-content-shortcode=\"mesmerize_gallery id=&quot;mesmerize-gallery-1&quot; columns=&quot;4&quot; ids=&quot;11866,11871,11877,11882,11887,11892,11897,11902&quot; lb=&quot;1&quot; masonry=&quot;1&quot; size=&quot;medium&quot; link=&quot;file&quot; \"><div id='mesmerize-gallery-1' class='gallery-wrapper'><style type=\"text\/css\">\n                    @media only screen and (min-width: 768px) {\n                    [data-unique-id='mesmerize-gallery-1-6a04798c2febb'] dl {\n                        float: left;\n                        width: 25% !important;\n                        max-width:  25% !important;\n                        min-width:  25% !important;\n                    }\n\n                    [data-unique-id='mesmerize-gallery-1-6a04798c2febb'] dl:nth-of-type(4n +1 ) {\n                      clear: both;\n                      }\n                    }\n                <\/style><div id='mesmerize-gallery-1' class='mesmerize-gallery-1-dls-wrapper gallery-items-wrapper materialis-gallery' data-unique-id='mesmerize-gallery-1-6a04798c2febb'><dl class='gallery-item'>\n\t\t\t<dt class='gallery-icon landscape'>\n\t\t\t\t<a data-fancybox=\"mesmerize-gallery-1-group\" href='https:\/\/erpio.one\/wp-content\/uploads\/2022\/04\/300x300_weiss_Grant-Thornton.png'><img fetchpriority=\"high\" decoding=\"async\"  width=\"300\" height=\"300\" src=\"https:\/\/erpio.one\/wp-content\/uploads\/2022\/04\/300x300_weiss_Grant-Thornton-300x300.png\"  class='mesmerize-gallery-1-image' alt=\"\" srcset=\"https:\/\/erpio.one\/wp-content\/uploads\/2022\/04\/300x300_weiss_Grant-Thornton.png 300w, https:\/\/erpio.one\/wp-content\/uploads\/2022\/04\/300x300_weiss_Grant-Thornton-150x150.png 150w\" sizes=\"(max-width: 300px) 100vw, 300px\" \/><\/a>\n\t\t\t<\/dt><\/dl><dl class='gallery-item'>\n\t\t\t<dt class='gallery-icon landscape'>\n\t\t\t\t<a data-fancybox=\"mesmerize-gallery-1-group\" href='https:\/\/erpio.one\/wp-content\/uploads\/2022\/04\/kpmg.jpg'><img decoding=\"async\"  width=\"300\" height=\"300\" src=\"https:\/\/erpio.one\/wp-content\/uploads\/2022\/04\/kpmg-300x300.jpg\"  class='mesmerize-gallery-1-image' alt=\"\" srcset=\"https:\/\/erpio.one\/wp-content\/uploads\/2022\/04\/kpmg.jpg 300w, https:\/\/erpio.one\/wp-content\/uploads\/2022\/04\/kpmg-150x150.jpg 150w\" sizes=\"(max-width: 300px) 100vw, 300px\" \/><\/a>\n\t\t\t<\/dt><\/dl><dl class='gallery-item'>\n\t\t\t<dt class='gallery-icon landscape'>\n\t\t\t\t<a data-fancybox=\"mesmerize-gallery-1-group\" href='https:\/\/erpio.one\/wp-content\/uploads\/2022\/04\/linde2.jpg'><img decoding=\"async\"  width=\"300\" height=\"300\" src=\"https:\/\/erpio.one\/wp-content\/uploads\/2022\/04\/linde2-300x300.jpg\"  class='mesmerize-gallery-1-image' alt=\"\" srcset=\"https:\/\/erpio.one\/wp-content\/uploads\/2022\/04\/linde2.jpg 300w, https:\/\/erpio.one\/wp-content\/uploads\/2022\/04\/linde2-150x150.jpg 150w\" sizes=\"(max-width: 300px) 100vw, 300px\" \/><\/a>\n\t\t\t<\/dt><\/dl><dl class='gallery-item'>\n\t\t\t<dt class='gallery-icon landscape'>\n\t\t\t\t<a data-fancybox=\"mesmerize-gallery-1-group\" href='https:\/\/erpio.one\/wp-content\/uploads\/2022\/04\/300x300_weiss_AVIS.png'><img loading=\"lazy\" decoding=\"async\"  width=\"300\" height=\"300\" src=\"https:\/\/erpio.one\/wp-content\/uploads\/2022\/04\/300x300_weiss_AVIS-300x300.png\"  class='mesmerize-gallery-1-image' alt=\"\" srcset=\"https:\/\/erpio.one\/wp-content\/uploads\/2022\/04\/300x300_weiss_AVIS.png 300w, https:\/\/erpio.one\/wp-content\/uploads\/2022\/04\/300x300_weiss_AVIS-150x150.png 150w\" sizes=\"(max-width: 300px) 100vw, 300px\" \/><\/a>\n\t\t\t<\/dt><\/dl><dl class='gallery-item'>\n\t\t\t<dt class='gallery-icon landscape'>\n\t\t\t\t<a data-fancybox=\"mesmerize-gallery-1-group\" href='https:\/\/erpio.one\/wp-content\/uploads\/2022\/04\/300x300_weiss_Deloitte.png'><img loading=\"lazy\" decoding=\"async\"  width=\"300\" height=\"300\" src=\"https:\/\/erpio.one\/wp-content\/uploads\/2022\/04\/300x300_weiss_Deloitte-300x300.png\"  class='mesmerize-gallery-1-image' alt=\"\" srcset=\"https:\/\/erpio.one\/wp-content\/uploads\/2022\/04\/300x300_weiss_Deloitte.png 300w, https:\/\/erpio.one\/wp-content\/uploads\/2022\/04\/300x300_weiss_Deloitte-150x150.png 150w\" sizes=\"(max-width: 300px) 100vw, 300px\" \/><\/a>\n\t\t\t<\/dt><\/dl><dl class='gallery-item'>\n\t\t\t<dt class='gallery-icon landscape'>\n\t\t\t\t<a data-fancybox=\"mesmerize-gallery-1-group\" href='https:\/\/erpio.one\/wp-content\/uploads\/2022\/04\/300x300_weiss_tpa.png'><img loading=\"lazy\" decoding=\"async\"  width=\"300\" height=\"300\" src=\"https:\/\/erpio.one\/wp-content\/uploads\/2022\/04\/300x300_weiss_tpa-300x300.png\"  class='mesmerize-gallery-1-image' alt=\"\" srcset=\"https:\/\/erpio.one\/wp-content\/uploads\/2022\/04\/300x300_weiss_tpa.png 300w, https:\/\/erpio.one\/wp-content\/uploads\/2022\/04\/300x300_weiss_tpa-150x150.png 150w\" sizes=\"(max-width: 300px) 100vw, 300px\" \/><\/a>\n\t\t\t<\/dt><\/dl><dl class='gallery-item'>\n\t\t\t<dt class='gallery-icon landscape'>\n\t\t\t\t<a data-fancybox=\"mesmerize-gallery-1-group\" href='https:\/\/erpio.one\/wp-content\/uploads\/2022\/04\/wienerstw.jpg'><img loading=\"lazy\" decoding=\"async\"  width=\"300\" height=\"300\" src=\"https:\/\/erpio.one\/wp-content\/uploads\/2022\/04\/wienerstw-300x300.jpg\"  class='mesmerize-gallery-1-image' alt=\"\" srcset=\"https:\/\/erpio.one\/wp-content\/uploads\/2022\/04\/wienerstw.jpg 300w, https:\/\/erpio.one\/wp-content\/uploads\/2022\/04\/wienerstw-150x150.jpg 150w\" sizes=\"(max-width: 300px) 100vw, 300px\" \/><\/a>\n\t\t\t<\/dt><\/dl><dl class='gallery-item'>\n\t\t\t<dt class='gallery-icon landscape'>\n\t\t\t\t<a data-fancybox=\"mesmerize-gallery-1-group\" href='https:\/\/erpio.one\/wp-content\/uploads\/2022\/04\/300x300_weiss_Confida.png'><img loading=\"lazy\" decoding=\"async\"  width=\"300\" height=\"300\" src=\"https:\/\/erpio.one\/wp-content\/uploads\/2022\/04\/300x300_weiss_Confida-300x300.png\"  class='mesmerize-gallery-1-image' alt=\"\" srcset=\"https:\/\/erpio.one\/wp-content\/uploads\/2022\/04\/300x300_weiss_Confida.png 300w, https:\/\/erpio.one\/wp-content\/uploads\/2022\/04\/300x300_weiss_Confida-150x150.png 150w\" sizes=\"(max-width: 300px) 100vw, 300px\" \/><\/a>\n\t\t\t<\/dt><\/dl>\n\t\t<\/div>\n<script>(function($){window.MaterialisCaptionsGallery && window.MaterialisCaptionsGallery($('[data-unique-id=\"mesmerize-gallery-1-6a04798c2febb\"]'))})(jQuery)<\/script><\/div><\/div><\/div> <\/div><\/div>","protected":false},"excerpt":{"rendered":"<p>R\u00fdchla a jednoduch\u00e1automatiz\u00e1cia \u00fa\u010dtovn\u00edctva, ktor\u00e1 v\u00e1s \ufeffzbav\u00ed zbyto\u010dn\u00fdch papierov SKENOVANIE DOKUMENTOV Najr\u00fdchlej\u0161\u00edm a najefekt\u00edvnej\u0161\u00edm sp\u00f4sobom ako nahra\u0165 dokumenty je vyu\u017eitie unik\u00e1tneho e-mailu. Nahratie je mo\u017en\u00e9 aj prostredn\u00edctvom mobilnej aplik\u00e1cie, klasick\u00fdm skenovan\u00edm \u010di presunut\u00edm pomocou Drag and Drop z prostredia v\u00e1\u0161ho po\u010d\u00edta\u010da. VY\u0164A\u017dENIE A KATEGORIZ\u00c1CIA Obsahuje nahran\u00fd dokument viacero dokladov? Umel\u00e1 inteligencia dokument rozdel\u00ed a z\u00edska&hellip; <br \/> <a class=\"read-more\" href=\"https:\/\/erpio.one\/sk\/finmatics-first\/\">Read more<\/a><\/p>\n","protected":false},"author":1,"featured_media":11656,"parent":0,"menu_order":0,"comment_status":"closed","ping_status":"closed","template":"pro\/page-templates\/full-width-page.php","meta":{"content-type":"","footnotes":"","_links_to":"","_links_to_target":""},"class_list":["post-11913","page","type-page","status-publish","has-post-thumbnail","hentry"],"yoast_head":"<!-- This site is optimized with the Yoast SEO plugin v26.3 - https:\/\/yoast.com\/wordpress\/plugins\/seo\/ -->\n<title>FINMATICS first &#8226;<\/title>\n<meta name=\"robots\" content=\"index, follow, max-snippet:-1, max-image-preview:large, max-video-preview:-1\" \/>\n<link rel=\"canonical\" href=\"https:\/\/erpio.one\/sk\/finmatics-first\/\" \/>\n<meta property=\"og:locale\" content=\"sk_SK\" \/>\n<meta property=\"og:type\" content=\"article\" \/>\n<meta property=\"og:title\" content=\"FINMATICS first &#8226;\" \/>\n<meta property=\"og:description\" content=\"R\u00fdchla a jednoduch\u00e1automatiz\u00e1cia \u00fa\u010dtovn\u00edctva, ktor\u00e1 v\u00e1s \ufeffzbav\u00ed zbyto\u010dn\u00fdch papierov SKENOVANIE DOKUMENTOV Najr\u00fdchlej\u0161\u00edm a najefekt\u00edvnej\u0161\u00edm sp\u00f4sobom ako nahra\u0165 dokumenty je vyu\u017eitie unik\u00e1tneho e-mailu. Nahratie je mo\u017en\u00e9 aj prostredn\u00edctvom mobilnej aplik\u00e1cie, klasick\u00fdm skenovan\u00edm \u010di presunut\u00edm pomocou Drag and Drop z prostredia v\u00e1\u0161ho po\u010d\u00edta\u010da. VY\u0164A\u017dENIE A KATEGORIZ\u00c1CIA Obsahuje nahran\u00fd dokument viacero dokladov? Umel\u00e1 inteligencia dokument rozdel\u00ed a z\u00edska&hellip; Read more\" \/>\n<meta property=\"og:url\" content=\"https:\/\/erpio.one\/sk\/finmatics-first\/\" \/>\n<meta property=\"article:modified_time\" content=\"2022-05-23T11:33:25+00:00\" \/>\n<meta property=\"og:image\" content=\"https:\/\/erpio.one\/wp-content\/uploads\/2022\/04\/finmatics-600x400-e1.png\" \/>\n\t<meta property=\"og:image:width\" content=\"600\" \/>\n\t<meta property=\"og:image:height\" content=\"400\" \/>\n\t<meta property=\"og:image:type\" content=\"image\/png\" \/>\n<meta name=\"twitter:card\" content=\"summary_large_image\" \/>\n<meta name=\"twitter:label1\" content=\"Predpokladan\u00fd \u010das \u010d\u00edtania\" \/>\n\t<meta name=\"twitter:data1\" content=\"1 min\u00fata\" \/>\n<script type=\"application\/ld+json\" class=\"yoast-schema-graph\">{\"@context\":\"https:\/\/schema.org\",\"@graph\":[{\"@type\":\"WebPage\",\"@id\":\"https:\/\/erpio.one\/sk\/finmatics-first\/\",\"url\":\"https:\/\/erpio.one\/sk\/finmatics-first\/\",\"name\":\"FINMATICS first &#8226;\",\"isPartOf\":{\"@id\":\"https:\/\/erpio.one\/sk\/#website\"},\"primaryImageOfPage\":{\"@id\":\"https:\/\/erpio.one\/sk\/finmatics-first\/#primaryimage\"},\"image\":{\"@id\":\"https:\/\/erpio.one\/sk\/finmatics-first\/#primaryimage\"},\"thumbnailUrl\":\"https:\/\/erpio.one\/wp-content\/uploads\/2022\/04\/finmatics-600x400-e1.png\",\"datePublished\":\"2022-04-29T09:20:06+00:00\",\"dateModified\":\"2022-05-23T11:33:25+00:00\",\"breadcrumb\":{\"@id\":\"https:\/\/erpio.one\/sk\/finmatics-first\/#breadcrumb\"},\"inLanguage\":\"sk-SK\",\"potentialAction\":[{\"@type\":\"ReadAction\",\"target\":[\"https:\/\/erpio.one\/sk\/finmatics-first\/\"]}]},{\"@type\":\"ImageObject\",\"inLanguage\":\"sk-SK\",\"@id\":\"https:\/\/erpio.one\/sk\/finmatics-first\/#primaryimage\",\"url\":\"https:\/\/erpio.one\/wp-content\/uploads\/2022\/04\/finmatics-600x400-e1.png\",\"contentUrl\":\"https:\/\/erpio.one\/wp-content\/uploads\/2022\/04\/finmatics-600x400-e1.png\",\"width\":600,\"height\":400},{\"@type\":\"BreadcrumbList\",\"@id\":\"https:\/\/erpio.one\/sk\/finmatics-first\/#breadcrumb\",\"itemListElement\":[{\"@type\":\"ListItem\",\"position\":1,\"name\":\"Home\",\"item\":\"https:\/\/erpio.one\/sk\/\"},{\"@type\":\"ListItem\",\"position\":2,\"name\":\"FINMATICS first\"}]},{\"@type\":\"WebSite\",\"@id\":\"https:\/\/erpio.one\/sk\/#website\",\"url\":\"https:\/\/erpio.one\/sk\/\",\"name\":\"ERPIO - Mobile ERP\",\"description\":\"\",\"publisher\":{\"@id\":\"https:\/\/erpio.one\/sk\/#organization\"},\"potentialAction\":[{\"@type\":\"SearchAction\",\"target\":{\"@type\":\"EntryPoint\",\"urlTemplate\":\"https:\/\/erpio.one\/sk\/?s={search_term_string}\"},\"query-input\":{\"@type\":\"PropertyValueSpecification\",\"valueRequired\":true,\"valueName\":\"search_term_string\"}}],\"inLanguage\":\"sk-SK\"},{\"@type\":\"Organization\",\"@id\":\"https:\/\/erpio.one\/sk\/#organization\",\"name\":\"ERPIO\",\"url\":\"https:\/\/erpio.one\/sk\/\",\"logo\":{\"@type\":\"ImageObject\",\"inLanguage\":\"sk-SK\",\"@id\":\"https:\/\/erpio.one\/sk\/#\/schema\/logo\/image\/\",\"url\":\"https:\/\/erpio.one\/wp-content\/uploads\/2018\/06\/erpio-one-ikona_av4_800x500_.png\",\"contentUrl\":\"https:\/\/erpio.one\/wp-content\/uploads\/2018\/06\/erpio-one-ikona_av4_800x500_.png\",\"width\":800,\"height\":500,\"caption\":\"ERPIO\"},\"image\":{\"@id\":\"https:\/\/erpio.one\/sk\/#\/schema\/logo\/image\/\"}}]}<\/script>\n<!-- \/ Yoast SEO plugin. -->","yoast_head_json":{"title":"FINMATICS first &#8226;","robots":{"index":"index","follow":"follow","max-snippet":"max-snippet:-1","max-image-preview":"max-image-preview:large","max-video-preview":"max-video-preview:-1"},"canonical":"https:\/\/erpio.one\/sk\/finmatics-first\/","og_locale":"sk_SK","og_type":"article","og_title":"FINMATICS first &#8226;","og_description":"R\u00fdchla a jednoduch\u00e1automatiz\u00e1cia \u00fa\u010dtovn\u00edctva, ktor\u00e1 v\u00e1s \ufeffzbav\u00ed zbyto\u010dn\u00fdch papierov SKENOVANIE DOKUMENTOV Najr\u00fdchlej\u0161\u00edm a najefekt\u00edvnej\u0161\u00edm sp\u00f4sobom ako nahra\u0165 dokumenty je vyu\u017eitie unik\u00e1tneho e-mailu. Nahratie je mo\u017en\u00e9 aj prostredn\u00edctvom mobilnej aplik\u00e1cie, klasick\u00fdm skenovan\u00edm \u010di presunut\u00edm pomocou Drag and Drop z prostredia v\u00e1\u0161ho po\u010d\u00edta\u010da. VY\u0164A\u017dENIE A KATEGORIZ\u00c1CIA Obsahuje nahran\u00fd dokument viacero dokladov? Umel\u00e1 inteligencia dokument rozdel\u00ed a z\u00edska&hellip; Read more","og_url":"https:\/\/erpio.one\/sk\/finmatics-first\/","article_modified_time":"2022-05-23T11:33:25+00:00","og_image":[{"width":600,"height":400,"url":"https:\/\/erpio.one\/wp-content\/uploads\/2022\/04\/finmatics-600x400-e1.png","type":"image\/png"}],"twitter_card":"summary_large_image","twitter_misc":{"Predpokladan\u00fd \u010das \u010d\u00edtania":"1 min\u00fata"},"schema":{"@context":"https:\/\/schema.org","@graph":[{"@type":"WebPage","@id":"https:\/\/erpio.one\/sk\/finmatics-first\/","url":"https:\/\/erpio.one\/sk\/finmatics-first\/","name":"FINMATICS first &#8226;","isPartOf":{"@id":"https:\/\/erpio.one\/sk\/#website"},"primaryImageOfPage":{"@id":"https:\/\/erpio.one\/sk\/finmatics-first\/#primaryimage"},"image":{"@id":"https:\/\/erpio.one\/sk\/finmatics-first\/#primaryimage"},"thumbnailUrl":"https:\/\/erpio.one\/wp-content\/uploads\/2022\/04\/finmatics-600x400-e1.png","datePublished":"2022-04-29T09:20:06+00:00","dateModified":"2022-05-23T11:33:25+00:00","breadcrumb":{"@id":"https:\/\/erpio.one\/sk\/finmatics-first\/#breadcrumb"},"inLanguage":"sk-SK","potentialAction":[{"@type":"ReadAction","target":["https:\/\/erpio.one\/sk\/finmatics-first\/"]}]},{"@type":"ImageObject","inLanguage":"sk-SK","@id":"https:\/\/erpio.one\/sk\/finmatics-first\/#primaryimage","url":"https:\/\/erpio.one\/wp-content\/uploads\/2022\/04\/finmatics-600x400-e1.png","contentUrl":"https:\/\/erpio.one\/wp-content\/uploads\/2022\/04\/finmatics-600x400-e1.png","width":600,"height":400},{"@type":"BreadcrumbList","@id":"https:\/\/erpio.one\/sk\/finmatics-first\/#breadcrumb","itemListElement":[{"@type":"ListItem","position":1,"name":"Home","item":"https:\/\/erpio.one\/sk\/"},{"@type":"ListItem","position":2,"name":"FINMATICS first"}]},{"@type":"WebSite","@id":"https:\/\/erpio.one\/sk\/#website","url":"https:\/\/erpio.one\/sk\/","name":"ERPIO - Mobile ERP","description":"","publisher":{"@id":"https:\/\/erpio.one\/sk\/#organization"},"potentialAction":[{"@type":"SearchAction","target":{"@type":"EntryPoint","urlTemplate":"https:\/\/erpio.one\/sk\/?s={search_term_string}"},"query-input":{"@type":"PropertyValueSpecification","valueRequired":true,"valueName":"search_term_string"}}],"inLanguage":"sk-SK"},{"@type":"Organization","@id":"https:\/\/erpio.one\/sk\/#organization","name":"ERPIO","url":"https:\/\/erpio.one\/sk\/","logo":{"@type":"ImageObject","inLanguage":"sk-SK","@id":"https:\/\/erpio.one\/sk\/#\/schema\/logo\/image\/","url":"https:\/\/erpio.one\/wp-content\/uploads\/2018\/06\/erpio-one-ikona_av4_800x500_.png","contentUrl":"https:\/\/erpio.one\/wp-content\/uploads\/2018\/06\/erpio-one-ikona_av4_800x500_.png","width":800,"height":500,"caption":"ERPIO"},"image":{"@id":"https:\/\/erpio.one\/sk\/#\/schema\/logo\/image\/"}}]}},"_links":{"self":[{"href":"https:\/\/erpio.one\/sk\/wp-json\/wp\/v2\/pages\/11913","targetHints":{"allow":["GET"]}}],"collection":[{"href":"https:\/\/erpio.one\/sk\/wp-json\/wp\/v2\/pages"}],"about":[{"href":"https:\/\/erpio.one\/sk\/wp-json\/wp\/v2\/types\/page"}],"author":[{"embeddable":true,"href":"https:\/\/erpio.one\/sk\/wp-json\/wp\/v2\/users\/1"}],"replies":[{"embeddable":true,"href":"https:\/\/erpio.one\/sk\/wp-json\/wp\/v2\/comments?post=11913"}],"version-history":[{"count":11,"href":"https:\/\/erpio.one\/sk\/wp-json\/wp\/v2\/pages\/11913\/revisions"}],"predecessor-version":[{"id":15066,"href":"https:\/\/erpio.one\/sk\/wp-json\/wp\/v2\/pages\/11913\/revisions\/15066"}],"wp:featuredmedia":[{"embeddable":true,"href":"https:\/\/erpio.one\/sk\/wp-json\/wp\/v2\/media\/11656"}],"wp:attachment":[{"href":"https:\/\/erpio.one\/sk\/wp-json\/wp\/v2\/media?parent=11913"}],"curies":[{"name":"wp","href":"https:\/\/api.w.org\/{rel}","templated":true}]}}